{"id":18824,"date":"2018-01-30T12:07:19","date_gmt":"2018-01-30T10:07:19","guid":{"rendered":"https:\/\/memoriahistorica.dival.es\/becas\/"},"modified":"2022-09-01T16:15:15","modified_gmt":"2022-09-01T14:15:15","slug":"beques","status":"publish","type":"page","link":"https:\/\/memoriahistorica.dival.es\/val\/becas-y-subvenciones\/beques\/","title":{"rendered":"Beques i investigacions"},"content":{"rendered":"<p>La investigaci\u00f3 en l&#8217;\u00e0mbit de la Mem\u00f2ria Hist\u00f2rica continua sent una necessitat. A pesar que la Guerra Civil i la dictadura \u00e9s un per\u00edode de la hist\u00f2ria sobre el qual anualment es publica gran nombre de t\u00edtols, encara queda molt que analitzar, especialment pel que fa a la Comunitat Valenciana i a nivell local. \u00c9s per aix\u00f2 que des de la Delegaci\u00f3 de Mem\u00f2ria Hist\u00f2rica de la Diputaci\u00f3 es busca fomentar aquestes investigacions al mateix temps que ajudar els j\u00f3vens historiadors.<\/p>\n<p>En uns casos s&#8217;ha optat per convocar beques per a afavorir projectes d&#8217;investigaci\u00f3 presentats pels propis sol\u00b7licitants, mentres que en altres el que es busca \u00e9s la col\u00b7laboraci\u00f3 en la recopilaci\u00f3 de dades i informaci\u00f3 dins de projectes propis d&#8217;aquesta Delegaci\u00f3. L&#8217;objectiu final \u00e9s aportar nous documents, nous testimonis i investigacions que afavorisquen el coneixement de tot el que va oc\u00f3rrer durant la guerra i la posterior repressi\u00f3 franquista, la qual cosa contribueix a evitar la impunitat i l&#8217;oblit.<\/p>\n","protected":false},"excerpt":{"rendered":"<p>La investigaci\u00f3 en l&#8217;\u00e0mbit de la Mem\u00f2ria Hist\u00f2rica continua sent una necessitat. A pesar que la Guerra Civil i la &#8230;<\/p>\n","protected":false},"author":1,"featured_media":19221,"parent":19392,"menu_order":87,"comment_status":"closed","ping_status":"closed","template":"template-recursos-listados-imgder.php","meta":{"_acf_changed":false,"footnotes":""},"class_list":["post-18824","page","type-page","status-publish","has-post-thumbnail","hentry"],"acf":[],"_links":{"self":[{"href":"https:\/\/memoriahistorica.dival.es\/val\/wp-json\/wp\/v2\/pages\/18824","targetHints":{"allow":["GET"]}}],"collection":[{"href":"https:\/\/memoriahistorica.dival.es\/val\/wp-json\/wp\/v2\/pages"}],"about":[{"href":"https:\/\/memoriahistorica.dival.es\/val\/wp-json\/wp\/v2\/types\/page"}],"author":[{"embeddable":true,"href":"https:\/\/memoriahistorica.dival.es\/val\/wp-json\/wp\/v2\/users\/1"}],"replies":[{"embeddable":true,"href":"https:\/\/memoriahistorica.dival.es\/val\/wp-json\/wp\/v2\/comments?post=18824"}],"version-history":[{"count":5,"href":"https:\/\/memoriahistorica.dival.es\/val\/wp-json\/wp\/v2\/pages\/18824\/revisions"}],"predecessor-version":[{"id":22528,"href":"https:\/\/memoriahistorica.dival.es\/val\/wp-json\/wp\/v2\/pages\/18824\/revisions\/22528"}],"up":[{"embeddable":true,"href":"https:\/\/memoriahistorica.dival.es\/val\/wp-json\/wp\/v2\/pages\/19392"}],"wp:featuredmedia":[{"embeddable":true,"href":"https:\/\/memoriahistorica.dival.es\/val\/wp-json\/wp\/v2\/media\/19221"}],"wp:attachment":[{"href":"https:\/\/memoriahistorica.dival.es\/val\/wp-json\/wp\/v2\/media?parent=18824"}],"curies":[{"name":"wp","href":"https:\/\/api.w.org\/{rel}","templated":true}]}}