{"id":18844,"date":"2018-03-11T15:33:14","date_gmt":"2018-03-11T15:33:14","guid":{"rendered":"https:\/\/memoriahistorica.dival.es\/recursos\/amnistia-internacional\/"},"modified":"2026-01-09T09:13:21","modified_gmt":"2026-01-09T08:13:21","slug":"amnistia-internacional","status":"publish","type":"page","link":"https:\/\/memoriahistorica.dival.es\/val\/documentos-y-enlaces-de-interes\/amnistia-internacional\/","title":{"rendered":"Drets humans"},"content":{"rendered":"\n<div class=\"wp-block-group contenido-basico f20-25\"><div class=\"wp-block-group__inner-container is-layout-constrained wp-block-group-is-layout-constrained\">\n<p>La <strong>Declaraci\u00f3 Universal de Drets Humans<\/strong>, adoptada per l&#8217;Assemblea General de les Nacions Unides el 1948, va ser el primer document legal a establir la protecci\u00f3 universal dels drets humans fonamentals. M\u00e9s de setanta anys despr\u00e9s, els seus 30 articles segueixen sent la base de tota llei, convenci\u00f3, tractat\u2026 sobre aquest camp. Juntament amb el Pacte Internacional de Drets Civils i Pol\u00edtics i el Pacte Internacional de Drets Econ\u00f2mics, Socials i Culturals, componen la Carta Internacional de Drets Humans.<\/p>\n\n\n\n<div style=\"height:15px\" aria-hidden=\"true\" class=\"wp-block-spacer\"><\/div>\n\n\n\n<figure class=\"wp-block-image size-full w-100 img-w-100\"><img loading=\"lazy\" decoding=\"async\" width=\"535\" height=\"423\" src=\"https:\/\/memoriahistorica.dival.es\/wp-content\/uploads\/Eleanor_roosevelt.png\" alt=\"\" class=\"wp-image-25970\" style=\"object-fit:cover\"\/><\/figure>\n\n\n\n<div style=\"height:15px\" aria-hidden=\"true\" class=\"wp-block-spacer\"><\/div>\n\n\n\n<p>La Declaraci\u00f3 i el<strong> Programa d&#8217;Acci\u00f3 de Viena<\/strong>, que la Confer\u00e8ncia Mundial de Drets Humans va aprovar el 1993, va establir el car\u00e0cter indivisible i interdependent dels drets econ\u00f2mics, socials, culturals, civils i pol\u00edtics, i va recomanar als Estats la realitzaci\u00f3 de Plans Nacionals per complir amb la responsabilitat col\u00b7lectiva de promoure i protegir a tot el m\u00f3n els drets i les persones. A m\u00e9s, va proclamar els drets de la dona i va subratllar la necessitat de combatre la impunitat, mitjan\u00e7ant la creaci\u00f3 d&#8217;una Cort Penal Internacional permanent, establerta el 17 de juliol de 1998.<\/p>\n\n\n\n<p>Atenent a la recomanaci\u00f3 d&#8217;aquest Programa d&#8217;Acci\u00f3, el Govern d&#8217;Espanya va redactar el <strong>II Pla Nacional de Drets Humans 2023-2027<\/strong>, que respon a dos dels seus grans objectius: garantir el ple exercici dels drets fonamentals de totes les persones i impulsar nous aven\u00e7os i conquestes en igualtat, llibertat, just\u00edcia social i qualitat democr\u00e0tica, tant dins com fora de les nostres fronteres.<\/p>\n\n\n\n<p>La Delegaci\u00f3 de Mem\u00f2ria Democr\u00e0tica de la Diputaci\u00f3 de Val\u00e8ncia, des del moment de la seva creaci\u00f3, s&#8217;ha sumat al comprom\u00eds com\u00fa dels poders p\u00fablics fent de la promoci\u00f3 i garantia dels drets humans un dels principals eixos vertebradors de les seves actuacions, assumint l&#8217;obligaci\u00f3 de prendre una posici\u00f3 activa, dirigida a defensar i fomentar la just\u00edcia social i el benestar de tots els ciutadans i ciutadanes en l&#8217;\u00e0mbit de les seus compet\u00e8ncies, especialment de les v\u00edctimes que, al llarg dels anys, han vist vulnerats els seus drets i tenen el dret leg\u00edtim a una reparaci\u00f3.<\/p>\n\n\n\n<div style=\"height:95px\" aria-hidden=\"true\" class=\"wp-block-spacer\"><\/div>\n<\/div><\/div>\n\n\n\n<div class=\"wp-block-group back-negro mb50-100 grupo-cartel grupo-derechos\"><div class=\"wp-block-group__inner-container is-layout-constrained wp-block-group-is-layout-constrained\">\n<div class=\"wp-block-columns are-vertically-aligned-center max-contenido col-cartel is-layout-flex wp-container-core-columns-is-layout-9d6595d7 wp-block-columns-is-layout-flex\">\n<div class=\"wp-block-column is-vertically-aligned-center col-cartel-img col-derechos-img is-layout-flow wp-block-column-is-layout-flow\">\n<figure class=\"wp-block-image size-full\"><img loading=\"lazy\" decoding=\"async\" width=\"1920\" height=\"1280\" src=\"https:\/\/memoriahistorica.dival.es\/wp-content\/uploads\/d16895369267aa1653f43269dcc550864b77a482.png\" alt=\"\" class=\"wp-image-26036\" srcset=\"https:\/\/memoriahistorica.dival.es\/wp-content\/uploads\/d16895369267aa1653f43269dcc550864b77a482.png 1920w, https:\/\/memoriahistorica.dival.es\/wp-content\/uploads\/d16895369267aa1653f43269dcc550864b77a482-1200x800.png 1200w, https:\/\/memoriahistorica.dival.es\/wp-content\/uploads\/d16895369267aa1653f43269dcc550864b77a482-1800x1200.png 1800w, https:\/\/memoriahistorica.dival.es\/wp-content\/uploads\/d16895369267aa1653f43269dcc550864b77a482-600x400.png 600w, https:\/\/memoriahistorica.dival.es\/wp-content\/uploads\/d16895369267aa1653f43269dcc550864b77a482-768x512.png 768w, https:\/\/memoriahistorica.dival.es\/wp-content\/uploads\/d16895369267aa1653f43269dcc550864b77a482-1536x1024.png 1536w\" sizes=\"auto, (max-width: 1920px) 100vw, 1920px\" \/><\/figure>\n<\/div>\n\n\n\n<div class=\"wp-block-column is-vertically-aligned-center col-cartel-info col-derechos-textos is-layout-flow wp-block-column-is-layout-flow\">\n<p class=\"f32-38 mf24-29 col-blanco mb-35\">\u201cTots sabem quins s\u00f3n els problemes i tots sabem qu\u00e8 hem prom\u00e8s aconseguir. El que cal ara no s\u00f3n m\u00e9s declaracions o promeses, sin\u00f3 acci\u00f3; acci\u00f3 per complir les promeses ja fetes\u201d<\/p>\n\n\n\n<p class=\"f20-25 mf18-23 col-grisClaro \"><em>\u2014 <\/em>Kofi Annan, Ex Secretari General de les Nacions Unides<\/p>\n<\/div>\n<\/div>\n<\/div><\/div>\n\n\n\n<div class=\"wp-block-group contenido-basico\"><div class=\"wp-block-group__inner-container is-layout-constrained wp-block-group-is-layout-constrained\"><div class=\"cont-year-subvencion d-flex flex-column descargas-derechos abierto  \" data-cont = \"sub-amnistia-internacional\"   id=\"sub-descarga-amnistia-internacional\" >    \n\n    <div class=\"botonera-redonda d-flex justify-content-between align-items-center w-100\">\n\n        <div  class=\"d-flex mf20 f24 col-blanco text-uppercase\"><span class=\"fw-600\">Recursos <\/span> <\/div> \n\n\n        \n        <div class=\"d-flex col-blanco conjunto-botones \" data-abreinfo=\"sub-amnistia-internacional\" ><img decoding=\"async\"  style=\"max-width:36px;\"   class=\"img_flecha bot_ver_mas_bbdd ver_mas\" src=\"https:\/\/memoriahistorica.dival.es\/wp-content\/themes\/md_theme\/imgs\/ver_mas_blanco.svg\"><img decoding=\"async\"   class=\"img_flecha bot_ver_mas_bbdd ver_menos\"  style=\"max-width:36px;\"  src=\"https:\/\/memoriahistorica.dival.es\/wp-content\/themes\/md_theme\/imgs\/ver_menos_blanco.svg\"><\/div>\n\n\n \n\n             \n    <\/div>\n\n    <div data-info=\"sub-amnistia-internacional\" class=\" contenido-subs flex-column back-grisBox  item_hide aparece \"> <!-- cont-year-subs -->\n            <ul class=\"reset_ul    lista-premios\" data-carga=\"carga-amnistia-internacional\" id=\"contenedor-amnistia-internacional\">\n\n            \n                <li class=\"d-flex li-item-sub w-100 f18-23\" style=\" \"><a download class=\"link_subvencion text-decoration-none col-negro d-flex justify-content-start align-items-start w-100\" href=\"https:\/\/memoriahistorica.dival.es\/wp-content\/uploads\/Gobierno-de-Espana_II-Plan-Nacional-de-DDHH_2023-2027.pdf\"  ><img decoding=\"async\" class=\"img_file img_file_recursos flex-1\" src=\"https:\/\/memoriahistorica.dival.es\/wp-content\/themes\/md_theme\/imgs\/file_negro.svg\"><div class=\"w-100  d-flex flex-column align-items-start  \"><span class=\"tit-doc\">II Plan Nacional de Derechos Humanos 2023-2027<\/span><\/div><\/a><\/li>\n\n            \n                <li class=\"d-flex li-item-sub w-100 f18-23\" style=\" \"><a download class=\"link_subvencion text-decoration-none col-negro d-flex justify-content-start align-items-start w-100\" href=\"\"  ><img decoding=\"async\" class=\"img_file img_file_recursos flex-1\" src=\"https:\/\/memoriahistorica.dival.es\/wp-content\/themes\/md_theme\/imgs\/file_negro.svg\"><div class=\"w-100  d-flex flex-column align-items-start  \"><span class=\"tit-doc\"><\/span><\/div><\/a><\/li>\n\n            \n            <\/ul>\n\n\n    <\/div>\n    \n\n \n<\/div> \n\n\n\n<div style=\"height:50px\" aria-hidden=\"true\" class=\"wp-block-spacer\"><\/div>\n<\/div><\/div>\n","protected":false},"excerpt":{"rendered":"<p>La Declaraci\u00f3 Universal de Drets Humans, adoptada per l&#8217;Assemblea General de les Nacions Unides el 1948, va ser el primer &#8230;<\/p>\n","protected":false},"author":1,"featured_media":25969,"parent":19388,"menu_order":103,"comment_status":"closed","ping_status":"closed","template":"template-derechos-humanos.php","meta":{"_acf_changed":false,"footnotes":""},"class_list":["post-18844","page","type-page","status-publish","has-post-thumbnail","hentry"],"acf":[],"_links":{"self":[{"href":"https:\/\/memoriahistorica.dival.es\/val\/wp-json\/wp\/v2\/pages\/18844","targetHints":{"allow":["GET"]}}],"collection":[{"href":"https:\/\/memoriahistorica.dival.es\/val\/wp-json\/wp\/v2\/pages"}],"about":[{"href":"https:\/\/memoriahistorica.dival.es\/val\/wp-json\/wp\/v2\/types\/page"}],"author":[{"embeddable":true,"href":"https:\/\/memoriahistorica.dival.es\/val\/wp-json\/wp\/v2\/users\/1"}],"replies":[{"embeddable":true,"href":"https:\/\/memoriahistorica.dival.es\/val\/wp-json\/wp\/v2\/comments?post=18844"}],"version-history":[{"count":5,"href":"https:\/\/memoriahistorica.dival.es\/val\/wp-json\/wp\/v2\/pages\/18844\/revisions"}],"predecessor-version":[{"id":27545,"href":"https:\/\/memoriahistorica.dival.es\/val\/wp-json\/wp\/v2\/pages\/18844\/revisions\/27545"}],"up":[{"embeddable":true,"href":"https:\/\/memoriahistorica.dival.es\/val\/wp-json\/wp\/v2\/pages\/19388"}],"wp:featuredmedia":[{"embeddable":true,"href":"https:\/\/memoriahistorica.dival.es\/val\/wp-json\/wp\/v2\/media\/25969"}],"wp:attachment":[{"href":"https:\/\/memoriahistorica.dival.es\/val\/wp-json\/wp\/v2\/media?parent=18844"}],"curies":[{"name":"wp","href":"https:\/\/api.w.org\/{rel}","templated":true}]}}