{"id":18850,"date":"2018-01-30T11:55:05","date_gmt":"2018-01-30T11:55:05","guid":{"rendered":"https:\/\/memoriahistorica.dival.es\/presentacion\/"},"modified":"2026-04-08T14:21:31","modified_gmt":"2026-04-08T12:21:31","slug":"presentacio","status":"publish","type":"page","link":"https:\/\/memoriahistorica.dival.es\/val\/sobre-la-delegacio\/presentacio\/","title":{"rendered":"Presentaci\u00f3 i directori"},"content":{"rendered":"\n<div class=\"wp-block-group contenido-basico mb90-180 pad-pequeno-lg\"><div class=\"wp-block-group__inner-container is-layout-constrained wp-block-group-is-layout-constrained\">\n<p class=\"f24-29 mf20-25\">Para la Diputaci\u00f3 de Val\u00e8ncia es muy importante recordar no tan s\u00f3lo qu\u00e9 pas\u00f3 y c\u00f3mo pas\u00f3, sino tambi\u00e9n sacar del olvido a todos los ciudadanos y ciudadanas que se opusieron activamente al r\u00e9gimen dictatorial y que, en muchas ocasiones, sufrieron su represi\u00f3n. Nuestro trabajo no busca por tanto limitarse a actuaciones de condena al franquismo, sino que adem\u00e1s trata de poner en valor y recuperar la Memoria con may\u00fasculas de estos ciudadanos y ciudadanas. Intentamos que nuestras acciones, destinadas a obtener el cumplimiento de los principios de verdad, justicia y reparaci\u00f3n, est\u00e9n acompa\u00f1adas siempre de la dignificaci\u00f3n de las v\u00edctimas y sus familiares, que estos sientan siempre a su lado a las instituciones p\u00fablicas, en nuestro caso a la Diputaci\u00f3 de Val\u00e8ncia.<\/p>\n<\/div><\/div>\n\n<div class=\"wp-block-columns mb50-100 max-contenido pad-pequeno-lg is-layout-flex wp-container-core-columns-is-layout-9d6595d7 wp-block-columns-is-layout-flex\">\n<div class=\"wp-block-column is-layout-flow wp-block-column-is-layout-flow\">\n<h2 class=\"wp-block-heading nuestra-mision f61 mf36 text-center text-sm-start col-negro\">Nuestra misi\u00f3n<\/h2>\n<\/div>\n\n\n\n<div class=\"wp-block-column is-layout-flow wp-block-column-is-layout-flow\">\n<ul class=\"wp-block-list f20-25 lista-numeros-gran\">\n<li>Hacer efectivos en la provincia de Valencia, dentro de los limites competenciales de la Diputaci\u00f3n, los principios de verdad, justicia y reparaci\u00f3n reconocidos por el derecho internacional vinculado a los derechos humanos.<br\/><\/li>\n\n\n\n<li>Favorecer el cumplimiento de la normativa espa\u00f1ola y auton\u00f3mica sobre la Memoria Democr\u00e1tica, en especial la Ley 52\/2007, de 26 de diciembre, por la que se reconocen y ampl\u00edan derechos y se establecen medidas en favor de quienes padecieron persecuci\u00f3n o violencia durante la Guerra Civil y la dictadura, com\u00fanmente conocida como Ley de Memoria Hist\u00f3rica; y la Ley 20\/2022, de 19 de octubre, de Memoria Democr\u00e1tica.<\/li>\n<\/ul>\n<\/div>\n<\/div>\n\n<div class=\"wp-block-group back-negro mb-100 grupo-cartel\"><div class=\"wp-block-group__inner-container is-layout-constrained wp-block-group-is-layout-constrained\">\n<div class=\"wp-block-columns max-contenido col-cartel pad-pequeno-lg is-layout-flex wp-container-core-columns-is-layout-9d6595d7 wp-block-columns-is-layout-flex\">\n<div class=\"wp-block-column col-cartel-img is-layout-flow wp-block-column-is-layout-flow\">\n<figure class=\"wp-block-image size-large\"><img loading=\"lazy\" decoding=\"async\" width=\"976\" height=\"1280\" src=\"https:\/\/memoriahistorica.dival.es\/wp-content\/uploads\/joan_quienes-976x1280.jpg\" alt=\"\" class=\"wp-image-80\" srcset=\"https:\/\/memoriahistorica.dival.es\/wp-content\/uploads\/joan_quienes-976x1280.jpg 976w, https:\/\/memoriahistorica.dival.es\/wp-content\/uploads\/joan_quienes-781x1024.jpg 781w, https:\/\/memoriahistorica.dival.es\/wp-content\/uploads\/joan_quienes-768x1007.jpg 768w, https:\/\/memoriahistorica.dival.es\/wp-content\/uploads\/joan_quienes.jpg 1024w\" sizes=\"auto, (max-width: 976px) 100vw, 976px\" \/><\/figure>\n<\/div>\n\n\n\n<div class=\"wp-block-column mb60-130 col-cartel-info is-layout-flow wp-block-column-is-layout-flow\">\n<p class=\"f32-38 mf24-29 col-blanco mb35-70\">\u201cEn la lucha actual, veo del lado fascista las fuerzas obsoletas, y del otro lado el pueblo cuyos inmensos recursos creadores dar\u00e1n a Espa\u00f1a un impulso que asombrar\u00e1 al mundo.\u201d<\/p>\n\n\n\n<p class=\"f20-25 mf18-23 col-grisClaro \"><em>\u2014 Aidez a l\u2019Espagne (Ayudad a Espa\u00f1a), Joan Mir\u00f3, 1937 Museo Nacional Centro de Arte\u00a0Reina Sof\u00eda<\/em><\/p>\n<\/div>\n<\/div>\n<\/div><\/div>\n\n<h2 class=\"wp-block-heading col-negro max-1024 mh-auto w-100  f61 mf40 mb40-80 pad-pequeno-lg text-center text-md-start\">Presupuestos<\/h2>\n\n<div class=\"wp-block-group contenido-basico pad-pequeno-lg\"><div class=\"wp-block-group__inner-container is-layout-constrained wp-block-group-is-layout-constrained\">\n<p class=\"f20-25\">Los presupuestos destinados por la Diputaci\u00f3n a esta \u00e1rea desde su creaci\u00f3n han sido:\u00a0<\/p>\n\n\n\n<figure class=\"wp-block-gallery has-nested-images columns-default is-cropped wp-block-gallery-1 is-layout-flex wp-block-gallery-is-layout-flex\">\n<figure class=\"wp-block-image size-full\"><img loading=\"lazy\" decoding=\"async\" width=\"640\" height=\"360\" data-id=\"26970\" src=\"https:\/\/memoriahistorica.dival.es\/wp-content\/uploads\/Sin-titulo-3.jpg\" alt=\"\" class=\"wp-image-26970\" srcset=\"https:\/\/memoriahistorica.dival.es\/wp-content\/uploads\/Sin-titulo-3.jpg 640w, https:\/\/memoriahistorica.dival.es\/wp-content\/uploads\/Sin-titulo-3-600x338.jpg 600w\" sizes=\"auto, (max-width: 640px) 100vw, 640px\" \/><\/figure>\n<\/figure>\n\n\n\n<p class=\"f20-25\">As\u00ed pues, con esta doble perspectiva y con sus disponibilidades presupuestarias y sus recursos humanos, la Delegaci\u00f3n de Memoria Democr\u00e1tica pone en marcha una serie de programas y actuaciones combinando tanto actuaciones puntuales como otras de mayor recorrido temporal.<\/p>\n<\/div><\/div>\n\n<p><\/p>\n","protected":false},"excerpt":{"rendered":"<p>Para la Diputaci\u00f3 de Val\u00e8ncia es muy importante recordar no tan s\u00f3lo qu\u00e9 pas\u00f3 y c\u00f3mo pas\u00f3, sino tambi\u00e9n sacar &#8230;<\/p>\n","protected":false},"author":1,"featured_media":26953,"parent":24984,"menu_order":120,"comment_status":"closed","ping_status":"closed","template":"template-presentacion.php","meta":{"_acf_changed":false,"footnotes":""},"class_list":["post-18850","page","type-page","status-publish","has-post-thumbnail","hentry"],"acf":[],"_links":{"self":[{"href":"https:\/\/memoriahistorica.dival.es\/val\/wp-json\/wp\/v2\/pages\/18850","targetHints":{"allow":["GET"]}}],"collection":[{"href":"https:\/\/memoriahistorica.dival.es\/val\/wp-json\/wp\/v2\/pages"}],"about":[{"href":"https:\/\/memoriahistorica.dival.es\/val\/wp-json\/wp\/v2\/types\/page"}],"author":[{"embeddable":true,"href":"https:\/\/memoriahistorica.dival.es\/val\/wp-json\/wp\/v2\/users\/1"}],"replies":[{"embeddable":true,"href":"https:\/\/memoriahistorica.dival.es\/val\/wp-json\/wp\/v2\/comments?post=18850"}],"version-history":[{"count":6,"href":"https:\/\/memoriahistorica.dival.es\/val\/wp-json\/wp\/v2\/pages\/18850\/revisions"}],"predecessor-version":[{"id":28199,"href":"https:\/\/memoriahistorica.dival.es\/val\/wp-json\/wp\/v2\/pages\/18850\/revisions\/28199"}],"up":[{"embeddable":true,"href":"https:\/\/memoriahistorica.dival.es\/val\/wp-json\/wp\/v2\/pages\/24984"}],"wp:featuredmedia":[{"embeddable":true,"href":"https:\/\/memoriahistorica.dival.es\/val\/wp-json\/wp\/v2\/media\/26953"}],"wp:attachment":[{"href":"https:\/\/memoriahistorica.dival.es\/val\/wp-json\/wp\/v2\/media?parent=18850"}],"curies":[{"name":"wp","href":"https:\/\/api.w.org\/{rel}","templated":true}]}}