{"id":18853,"date":"2018-02-26T11:36:12","date_gmt":"2018-02-26T11:36:12","guid":{"rendered":"https:\/\/memoriahistorica.dival.es\/el-principio-de-jurisdiccion-universal\/"},"modified":"2025-11-13T18:58:18","modified_gmt":"2025-11-13T17:58:18","slug":"el-principio-de-jurisdiccion-universal","status":"publish","type":"page","link":"https:\/\/memoriahistorica.dival.es\/val\/programes\/memoria-repressio\/el-principio-de-jurisdiccion-universal\/","title":{"rendered":"El principi de jurisdicci\u00f3 universal"},"content":{"rendered":"\n<p>Les violacions greus contra els drets humans no poden quedar impunes en cap cas. Per aix\u00f2 no importa el lloc en qu\u00e8 s\u2019hagen com\u00e9s, ni tampoc qui les ha comeses. Aquest principi de jurisdicci\u00f3 universal va ser adoptat per l\u2019Audi\u00e8ncia Nacional Espanyola en dictar l\u2019ordre d\u2019empresonament contra Augusto Pinochet el 1998. Aquell mateix any es va aprovar&nbsp;<a href=\"http:\/\/memoriahistorica.dival.es\/wp-content\/uploads\/00_estatuto_corte_penal_internacional.pdf\" target=\"_blank\" rel=\"noreferrer noopener\">l\u2019Estatut de la Cort Penal Internacional<\/a>, firmat i ratificat per Espanya, encara que la seua entrada en vigor es va retardar al 2002, i el seu pre\u00e0mbul assenyala:<\/p>\n\n\n\n<ul class=\"wp-block-list\">\n<li>Tenint present que, en aquest segle, milions de xiquets, dones i homes han sigut v\u00edctimes d\u2019atrocitats que desafien la imaginaci\u00f3 i commouen profundament la consci\u00e8ncia de la humanitat,<\/li>\n\n\n\n<li>Reconeixent que aquests greus crims constitueixen una amena\u00e7a per a la pau, la seguretat i el benestar de la humanitat,<\/li>\n\n\n\n<li>Afirmant que els crims m\u00e9s greus de transcend\u00e8ncia per a la comunitat internacional en el seu conjunt no han de quedar sense castic i que, amb aquesta finalitat, cal adoptar mesures en el pla nacional i intensificar la cooperaci\u00f3 internacional per a assegurar que siguen efectivament sotmesos a l\u2019acci\u00f3 de la just\u00edcia,<\/li>\n\n\n\n<li>Decidits a posar fi a la impunitat dels autors d\u2019aquests crims i a contribuir aix\u00ed a la prevenci\u00f3 de nous crims,<\/li>\n\n\n\n<li>Recordant que \u00e9s un deure de tot Estat exercir la seua jurisdicci\u00f3 penal contra els responsables de crims internacionals,<\/li>\n<\/ul>\n\n\n\n<p>A aquesta Cort, amb seu a l\u2019Haia, correspon l\u2019estudi dels crims de genocidi, crims de guerra, de lesa humanitat i d\u2019agressi\u00f3. Per tant, Espanya assumeix aquest principi, encara que no la seua aplicabilitat al cas dels crims comesos durant la dictadura espanyola. Per tant, Espanya reclama el processament d\u2019aquests crims comesos en altres pa\u00efsos, per\u00f2 no dels comesos al seu propi territori.<\/p>\n\n\n\n<p>El poble espanyol reclama el fi d\u2019aquesta contradicci\u00f3 i l\u2019aplicaci\u00f3 dels tres principis del Dret Internacional al nostre pa\u00eds: veritat, just\u00edcia i reparaci\u00f3<\/p>\n","protected":false},"excerpt":{"rendered":"<p>Les violacions greus contra els drets humans no poden quedar impunes en cap cas. Per aix\u00f2 no importa el lloc &#8230;<\/p>\n","protected":false},"author":1,"featured_media":19285,"parent":18877,"menu_order":11,"comment_status":"closed","ping_status":"closed","template":"template-page-subpages-memoria-represion.php","meta":{"_acf_changed":false,"footnotes":""},"class_list":["post-18853","page","type-page","status-publish","has-post-thumbnail","hentry"],"acf":[],"_links":{"self":[{"href":"https:\/\/memoriahistorica.dival.es\/val\/wp-json\/wp\/v2\/pages\/18853","targetHints":{"allow":["GET"]}}],"collection":[{"href":"https:\/\/memoriahistorica.dival.es\/val\/wp-json\/wp\/v2\/pages"}],"about":[{"href":"https:\/\/memoriahistorica.dival.es\/val\/wp-json\/wp\/v2\/types\/page"}],"author":[{"embeddable":true,"href":"https:\/\/memoriahistorica.dival.es\/val\/wp-json\/wp\/v2\/users\/1"}],"replies":[{"embeddable":true,"href":"https:\/\/memoriahistorica.dival.es\/val\/wp-json\/wp\/v2\/comments?post=18853"}],"version-history":[{"count":3,"href":"https:\/\/memoriahistorica.dival.es\/val\/wp-json\/wp\/v2\/pages\/18853\/revisions"}],"predecessor-version":[{"id":26556,"href":"https:\/\/memoriahistorica.dival.es\/val\/wp-json\/wp\/v2\/pages\/18853\/revisions\/26556"}],"up":[{"embeddable":true,"href":"https:\/\/memoriahistorica.dival.es\/val\/wp-json\/wp\/v2\/pages\/18877"}],"wp:featuredmedia":[{"embeddable":true,"href":"https:\/\/memoriahistorica.dival.es\/val\/wp-json\/wp\/v2\/media\/19285"}],"wp:attachment":[{"href":"https:\/\/memoriahistorica.dival.es\/val\/wp-json\/wp\/v2\/media?parent=18853"}],"curies":[{"name":"wp","href":"https:\/\/api.w.org\/{rel}","templated":true}]}}