{"id":18856,"date":"2018-02-26T11:36:40","date_gmt":"2018-02-26T11:36:40","guid":{"rendered":"https:\/\/memoriahistorica.dival.es\/derecho-a-la-verdad-justicia-y-reparacion\/"},"modified":"2025-11-17T08:30:53","modified_gmt":"2025-11-17T07:30:53","slug":"dret-veritat-justicia-reparacio","status":"publish","type":"page","link":"https:\/\/memoriahistorica.dival.es\/val\/programes\/memoria-repressio\/dret-veritat-justicia-reparacio\/","title":{"rendered":"Dret a la veritat, la just\u00edcia i la reparaci\u00f3"},"content":{"rendered":"\n<p>Els poders p\u00fablics no sols han de salvaguardar els drets humans, sin\u00f3 que tamb\u00e9 han de facilitar que les possibles v\u00edctimes de violacions d\u2019aquests drets puguen interposar recursos efectius davant d\u2019aquestes vulneracions.<\/p>\n\n\n\n<p>Qu\u00e8 inclou aquest dret a un recurs efectiu? La resposta a aquesta pregunta s\u2019arreplega en l\u2019article 11 de l\u2019Acord de Nacions Unides, aprovat mitjan\u00e7ant la Resoluci\u00f3 60\/147, que es coneix com a <a href=\"https:\/\/memoriahistorica.dival.es\/wp-content\/uploads\/03_achnudh.pdf\" target=\"_blank\" rel=\"noopener\">Principis i directrius b\u00e0sics sobre el dret de les v\u00edctimes de violacions manifestes de les normes internacionals de drets humans i de violacions greus del dret internacional humanitari a interposar recursos i obtindre reparacions<\/a>,<\/p>\n\n\n\n<p>Entre els recursos contra les violacions manifestes de les normes internacionals de drets humans i les violacions greus del dret internacional humanitari figuren els seg\u00fcents drets de la v\u00edctima, d\u2019acord amb el que preveu el dret internacional:<\/p>\n\n\n\n<div style=\"height:25px\" aria-hidden=\"true\" class=\"wp-block-spacer\"><\/div>\n\n\n\n<ol class=\"wp-block-list\">\n<li>Acc\u00e9s igual i efectiu a la <strong>just\u00edcia<\/strong>;<\/li>\n\n\n\n<li><strong>Reparaci\u00f3<\/strong> adequada, efectiva i r\u00e0pida del dany patit;<\/li>\n\n\n\n<li>Acc\u00e9s a informaci\u00f3 pertinent sobre les violacions i els mecanismes de reparaci\u00f3 (<strong>veritat<\/strong>)<\/li>\n<\/ol>\n","protected":false},"excerpt":{"rendered":"<p>Els poders p\u00fablics no sols han de salvaguardar els drets humans, sin\u00f3 que tamb\u00e9 han de facilitar que les possibles &#8230;<\/p>\n","protected":false},"author":1,"featured_media":19222,"parent":18877,"menu_order":17,"comment_status":"closed","ping_status":"closed","template":"template-page-subpages-memoria-represion.php","meta":{"_acf_changed":false,"footnotes":""},"class_list":["post-18856","page","type-page","status-publish","has-post-thumbnail","hentry"],"acf":[],"_links":{"self":[{"href":"https:\/\/memoriahistorica.dival.es\/val\/wp-json\/wp\/v2\/pages\/18856","targetHints":{"allow":["GET"]}}],"collection":[{"href":"https:\/\/memoriahistorica.dival.es\/val\/wp-json\/wp\/v2\/pages"}],"about":[{"href":"https:\/\/memoriahistorica.dival.es\/val\/wp-json\/wp\/v2\/types\/page"}],"author":[{"embeddable":true,"href":"https:\/\/memoriahistorica.dival.es\/val\/wp-json\/wp\/v2\/users\/1"}],"replies":[{"embeddable":true,"href":"https:\/\/memoriahistorica.dival.es\/val\/wp-json\/wp\/v2\/comments?post=18856"}],"version-history":[{"count":5,"href":"https:\/\/memoriahistorica.dival.es\/val\/wp-json\/wp\/v2\/pages\/18856\/revisions"}],"predecessor-version":[{"id":26588,"href":"https:\/\/memoriahistorica.dival.es\/val\/wp-json\/wp\/v2\/pages\/18856\/revisions\/26588"}],"up":[{"embeddable":true,"href":"https:\/\/memoriahistorica.dival.es\/val\/wp-json\/wp\/v2\/pages\/18877"}],"wp:featuredmedia":[{"embeddable":true,"href":"https:\/\/memoriahistorica.dival.es\/val\/wp-json\/wp\/v2\/media\/19222"}],"wp:attachment":[{"href":"https:\/\/memoriahistorica.dival.es\/val\/wp-json\/wp\/v2\/media?parent=18856"}],"curies":[{"name":"wp","href":"https:\/\/api.w.org\/{rel}","templated":true}]}}