{"id":18862,"date":"2018-02-27T08:03:19","date_gmt":"2018-02-27T08:03:19","guid":{"rendered":"https:\/\/memoriahistorica.dival.es\/derecho-a-la-verdad-justicia-y-reparacion\/derecho-a-la-verdad\/"},"modified":"2018-03-22T19:35:55","modified_gmt":"2018-03-22T19:35:55","slug":"derecho-a-la-verdad","status":"publish","type":"page","link":"https:\/\/memoriahistorica.dival.es\/val\/programes\/memoria-repressio\/dret-veritat-justicia-reparacio\/derecho-a-la-verdad\/","title":{"rendered":"El dret a la veritat"},"content":{"rendered":"<p>El dret a la veritat que posseeixen les v\u00edctimes passa inexcusablement pel deure de mem\u00f2ria que posseeixen els poders p\u00fablics. Aquests han de facilitar i difondre la veritat hist\u00f2rica perqu\u00e8 s\u2019incorpore a la mem\u00f2ria col\u00b7lectiva.<\/p>\n<p>Aquest dret implica per a l\u2019Estat tant investigar, per a aclarir all\u00f2 que va ocorrer i afavorir aix\u00ed l\u2019assumpci\u00f3 de les responsabilitats conseq\u00fcents, com afavorir la investigaci\u00f3 per part d\u2019historiadors, associacions memorialistes i ciutadans en general.<\/p>\n<p>En el ejercicio de este derecho una herramienta clave han sido las llamadas <a href=\"https:\/\/memoriahistorica.dival.es\/wp-content\/uploads\/12_derecho_verdad.pdf\" target=\"_blank\" rel=\"noopener\">Comissions de la Veritat que Nacions Unides<\/a>ha definit com a:<\/p>\n<blockquote><p>\u00d2rgans oficials, temporals i de constataci\u00f3 de fets que no tenen car\u00e0cter judicial i s\u2019ocupen d\u2019investigar abusos dels drets humans o del dret humanitari que s\u2019hagen com\u00e9s al llarg d\u2019uns quants anys<\/p><\/blockquote>\n<p>Per aix\u00f2, quan <strong> el Consell Europeu, el 2006, aprovava la Recomanaci\u00f3 1736 per la qual es condemnaven les violacions greus i m\u00faltiples de drets humanes comeses pel r\u00e8gim de Franco entre 1939 i 1975, recomanava la creaci\u00f3 d\u2019una comissi\u00f3 nacional d\u2019investigaci\u00f3 sobre elles.<\/strong> Aquesta mateixa recomanaci\u00f3 apareix tamb\u00e9 en les Observacions. (<a href=\"https:\/\/memoriahistorica.dival.es\/wp-content\/uploads\/05_comite_ddhhnu_2008.pdf\" target=\"_blank\" rel=\"noopener\">Observaciones finales a Espa\u00f1a del Comit\u00e9 de Derechos Humanos de Naciones Unidas<\/a> y <a href=\"https:\/\/memoriahistorica.dival.es\/wp-content\/uploads\/13_observacion_pacto_internacional_derechos.pdf\" target=\"_blank\" rel=\"noopener\">Observaci\u00f3n sobre la obligaci\u00f3n jur\u00eddica de los Estados parte del Pacto Internacional de Derechos Civiles y Pol\u00edticos<\/a>) que va fer el Comit\u00e9 de Drets Humans de Nacions Unides a Espanya el 2008.<\/p>\n<p><strong>Aquestes comissions tenen per objecte l\u2019esclariment d\u2019all\u00f2 que ha succe\u00eft, l\u2019atribuci\u00f3 de responsabilitats pol\u00edtiques, socials, etc., com tamb\u00e9 la construcci\u00f3 i preservaci\u00f3 d\u2019aquesta mem\u00f2ria hist\u00f2rica.<\/strong> Mai no han de ser un substitut dels \u00f2rgans judicials, sin\u00f3 el seu complement i aix\u00ed ho reconeix <a href=\"https:\/\/memoriahistorica.dival.es\/wp-content\/uploads\/06_resolucion_12-12.pdf\" target=\"_blank\" rel=\"noopener\">Resoluci\u00f3 12\/12 del Consell de Drets Humans de Nacions Unides el 2009<\/a>. \u00c9s m\u00e9s, en la pr\u00e0ctica aquestes comissions rebutgen la concessi\u00f3 d\u2019amnistia per crims de guerra, genocidi o de lesa humanitat que s\u00f3n els qualificats com a crims internacionals contra els drets humans.<\/p>\n","protected":false},"excerpt":{"rendered":"<p>El dret a la veritat que posseeixen les v\u00edctimes passa inexcusablement pel deure de mem\u00f2ria que posseeixen els poders p\u00fablics. &#8230;<\/p>\n","protected":false},"author":1,"featured_media":0,"parent":18856,"menu_order":22,"comment_status":"closed","ping_status":"closed","template":"template-programa-verdad.php","meta":{"_acf_changed":false,"footnotes":""},"class_list":["post-18862","page","type-page","status-publish","hentry"],"acf":[],"_links":{"self":[{"href":"https:\/\/memoriahistorica.dival.es\/val\/wp-json\/wp\/v2\/pages\/18862","targetHints":{"allow":["GET"]}}],"collection":[{"href":"https:\/\/memoriahistorica.dival.es\/val\/wp-json\/wp\/v2\/pages"}],"about":[{"href":"https:\/\/memoriahistorica.dival.es\/val\/wp-json\/wp\/v2\/types\/page"}],"author":[{"embeddable":true,"href":"https:\/\/memoriahistorica.dival.es\/val\/wp-json\/wp\/v2\/users\/1"}],"replies":[{"embeddable":true,"href":"https:\/\/memoriahistorica.dival.es\/val\/wp-json\/wp\/v2\/comments?post=18862"}],"version-history":[{"count":2,"href":"https:\/\/memoriahistorica.dival.es\/val\/wp-json\/wp\/v2\/pages\/18862\/revisions"}],"predecessor-version":[{"id":18867,"href":"https:\/\/memoriahistorica.dival.es\/val\/wp-json\/wp\/v2\/pages\/18862\/revisions\/18867"}],"up":[{"embeddable":true,"href":"https:\/\/memoriahistorica.dival.es\/val\/wp-json\/wp\/v2\/pages\/18856"}],"wp:attachment":[{"href":"https:\/\/memoriahistorica.dival.es\/val\/wp-json\/wp\/v2\/media?parent=18862"}],"curies":[{"name":"wp","href":"https:\/\/api.w.org\/{rel}","templated":true}]}}