{"id":18875,"date":"2018-02-26T11:41:00","date_gmt":"2018-02-26T11:41:00","guid":{"rendered":"https:\/\/memoriahistorica.dival.es\/los-documentos-de-la-represion\/"},"modified":"2018-04-12T11:43:11","modified_gmt":"2018-04-12T11:43:11","slug":"documents-repressio","status":"publish","type":"page","link":"https:\/\/memoriahistorica.dival.es\/val\/programes\/memoria-repressio\/documents-repressio\/","title":{"rendered":"Els documents de la repressi\u00f3"},"content":{"rendered":"<p>Mem\u00f2ria i documents son dos termes i dos conceptes tamb\u00e9 inseparables. D\u2019una banda, la mem\u00f2ria \u00e9s la capacitat per a retindre i recordar alguna cosa, per\u00f2, d\u2019una altra, tamb\u00e9 \u00e9s denomina aix\u00ed el document que pret\u00e9n deixar const\u00e0ncia del que ha passat en un per\u00edode, en una instituci\u00f3, etc. (mem\u00f2ria anual, mem\u00f2ria d\u2019activitats\u2026). Al seu torn, el document es pot entendre com el recurs emprat per la societat per a deixar mem\u00f2ria d\u2019alguna cosa que s\u2019ha esdevingut, ja siga per a servir de prova o per a transmetre eixe succ\u00e9s o eixe fet a altres persones presentes o futures. Per aix\u00f2, els documents son la base de la hist\u00f2ria, s\u00f3n testimonis del que va passar i ens ho narren tal com ho van fer les persones afectades per ells.<\/p>\n<p>Els documents escrits s\u00f3n la font principal de la hist\u00f2ria i ac\u00ed presentem una brev\u00edssima selecci\u00f3 que pret\u00e9n mostrar com va ser eixa repressi\u00f3 en m\u00faltiples aspectes de la vida i de la mort.<\/p>\n","protected":false},"excerpt":{"rendered":"<p>Mem\u00f2ria i documents son dos termes i dos conceptes tamb\u00e9 inseparables. D\u2019una banda, la mem\u00f2ria \u00e9s la capacitat per a &#8230;<\/p>\n","protected":false},"author":1,"featured_media":24237,"parent":18877,"menu_order":23,"comment_status":"closed","ping_status":"closed","template":"template-page-subpages-memoria-represion.php","meta":{"_acf_changed":false,"footnotes":""},"class_list":["post-18875","page","type-page","status-publish","has-post-thumbnail","hentry"],"acf":[],"_links":{"self":[{"href":"https:\/\/memoriahistorica.dival.es\/val\/wp-json\/wp\/v2\/pages\/18875","targetHints":{"allow":["GET"]}}],"collection":[{"href":"https:\/\/memoriahistorica.dival.es\/val\/wp-json\/wp\/v2\/pages"}],"about":[{"href":"https:\/\/memoriahistorica.dival.es\/val\/wp-json\/wp\/v2\/types\/page"}],"author":[{"embeddable":true,"href":"https:\/\/memoriahistorica.dival.es\/val\/wp-json\/wp\/v2\/users\/1"}],"replies":[{"embeddable":true,"href":"https:\/\/memoriahistorica.dival.es\/val\/wp-json\/wp\/v2\/comments?post=18875"}],"version-history":[{"count":5,"href":"https:\/\/memoriahistorica.dival.es\/val\/wp-json\/wp\/v2\/pages\/18875\/revisions"}],"predecessor-version":[{"id":19142,"href":"https:\/\/memoriahistorica.dival.es\/val\/wp-json\/wp\/v2\/pages\/18875\/revisions\/19142"}],"up":[{"embeddable":true,"href":"https:\/\/memoriahistorica.dival.es\/val\/wp-json\/wp\/v2\/pages\/18877"}],"wp:featuredmedia":[{"embeddable":true,"href":"https:\/\/memoriahistorica.dival.es\/val\/wp-json\/wp\/v2\/media\/24237"}],"wp:attachment":[{"href":"https:\/\/memoriahistorica.dival.es\/val\/wp-json\/wp\/v2\/media?parent=18875"}],"curies":[{"name":"wp","href":"https:\/\/api.w.org\/{rel}","templated":true}]}}