{"id":18877,"date":"2018-01-30T12:08:32","date_gmt":"2018-01-30T12:08:32","guid":{"rendered":"https:\/\/memoriahistorica.dival.es\/la-memoria-de-la-represion\/"},"modified":"2025-11-17T08:29:25","modified_gmt":"2025-11-17T07:29:25","slug":"memoria-repressio","status":"publish","type":"page","link":"https:\/\/memoriahistorica.dival.es\/val\/programes\/memoria-repressio\/","title":{"rendered":"La mem\u00f2ria de la repressi\u00f3"},"content":{"rendered":"\n<div class=\"wp-block-group contenido-basico\"><div class=\"wp-block-group__inner-container is-layout-constrained wp-block-group-is-layout-constrained\">\n<p>Mem\u00f2ria i oblit s\u00f3n dos termes i dos conceptes inseparables, ja que s\u2019oblida tot all\u00f2 que no es pot recordar i es recorda all\u00f2 que no s\u2019ha oblidat. Per tant, l\u2019oblit compon el record que nodrix la mem\u00f2ria i, per aix\u00f2, la mem\u00f2ria \u00e9s, al mateix temps, un magatzem de les nostres idees, de la nostra manera de pensar i actuar. El que recordem patix un proc\u00e9s de selecci\u00f3 que \u00e9s fruit d\u2019una acci\u00f3 social i cultural. Nom\u00e9s recordem all\u00f2 que ens \u00e9s important de mantindre present i que volem preservar per al futur, perqu\u00e8 la mem\u00f2ria tendix a ser transgeneracional.<\/p>\n\n\n\n<p>Si la mem\u00f2ria \u00e9s un producte cultural, una societat democr\u00e0tica ha de guardar record de la repressi\u00f3 de les idees i dels abusos i la mort que van sofrir moltes persones per defendre la seua forma de pensar. No es pot restablir la situaci\u00f3 anterior a l\u2019ofensa que van patir eixes persones i les seues fam\u00edlies, ni pot haver perd\u00f3 si no hi ha un reconeixement del que va passar, una culpabilitzaci\u00f3 dels responsables i una reparaci\u00f3 de les v\u00edctimes.<\/p>\n<\/div><\/div>\n","protected":false},"excerpt":{"rendered":"<p>Mem\u00f2ria i oblit s\u00f3n dos termes i dos conceptes inseparables, ja que s\u2019oblida tot all\u00f2 que no es pot recordar &#8230;<\/p>\n","protected":false},"author":1,"featured_media":25556,"parent":18884,"menu_order":10,"comment_status":"closed","ping_status":"closed","template":"template-pagina-subpaginas.php","meta":{"_acf_changed":false,"footnotes":""},"class_list":["post-18877","page","type-page","status-publish","has-post-thumbnail","hentry"],"acf":[],"_links":{"self":[{"href":"https:\/\/memoriahistorica.dival.es\/val\/wp-json\/wp\/v2\/pages\/18877","targetHints":{"allow":["GET"]}}],"collection":[{"href":"https:\/\/memoriahistorica.dival.es\/val\/wp-json\/wp\/v2\/pages"}],"about":[{"href":"https:\/\/memoriahistorica.dival.es\/val\/wp-json\/wp\/v2\/types\/page"}],"author":[{"embeddable":true,"href":"https:\/\/memoriahistorica.dival.es\/val\/wp-json\/wp\/v2\/users\/1"}],"replies":[{"embeddable":true,"href":"https:\/\/memoriahistorica.dival.es\/val\/wp-json\/wp\/v2\/comments?post=18877"}],"version-history":[{"count":5,"href":"https:\/\/memoriahistorica.dival.es\/val\/wp-json\/wp\/v2\/pages\/18877\/revisions"}],"predecessor-version":[{"id":26585,"href":"https:\/\/memoriahistorica.dival.es\/val\/wp-json\/wp\/v2\/pages\/18877\/revisions\/26585"}],"up":[{"embeddable":true,"href":"https:\/\/memoriahistorica.dival.es\/val\/wp-json\/wp\/v2\/pages\/18884"}],"wp:featuredmedia":[{"embeddable":true,"href":"https:\/\/memoriahistorica.dival.es\/val\/wp-json\/wp\/v2\/media\/25556"}],"wp:attachment":[{"href":"https:\/\/memoriahistorica.dival.es\/val\/wp-json\/wp\/v2\/media?parent=18877"}],"curies":[{"name":"wp","href":"https:\/\/api.w.org\/{rel}","templated":true}]}}