{"id":18879,"date":"2018-02-26T11:35:21","date_gmt":"2018-02-26T11:35:21","guid":{"rendered":"https:\/\/memoriahistorica.dival.es\/memoria-repressio\/objetivo-de-la-memoria-historica\/"},"modified":"2018-09-17T11:55:22","modified_gmt":"2018-09-17T11:55:22","slug":"objetivo-de-la-memoria-historica","status":"publish","type":"page","link":"https:\/\/memoriahistorica.dival.es\/val\/programes\/memoria-repressio\/objetivo-de-la-memoria-historica\/","title":{"rendered":"Objectiu de la mem\u00f2ria hist\u00f2rica"},"content":{"rendered":"<p>La mem\u00f2ria hist\u00f2rica busca fer present la viol\u00e8ncia sociopol\u00edtica que s\u2019ha superposat i ha continuat un conflicte armat, que coneixem com a Guerra Civil, a pesar que cada un dels bans comptara amb participaci\u00f3 internacional, la qual va ser m\u00e9s decisiva i not\u00f2ria en el cas de l&#8217;ex\u00e8rcit sublevat.<\/p>\n<p>Aquest proc\u00e9s de viol\u00e8ncia sociopol\u00edtica va suposar l&#8217;execuci\u00f3 sistem\u00e0tica de vulneracions dels drets humans, en la impunitat que permetia l&#8217;acumulaci\u00f3 del poder pol\u00edtic i militar en les mateixes mans, la qual cosa relegava la possibilitat d&#8217;un ju\u00ed o d&#8217;un ju\u00ed just al no-res.<\/p>\n<p>La mem\u00f2ria hist\u00f2rica busca transmetre, ja no la versi\u00f3 dels vencedors, sin\u00f3 acostar-se a all\u00f2 que ha ocorregut en realitat a trav\u00e9s dels ulls dels ven\u00e7uts, d&#8217;aquells que han patit la repressi\u00f3 dels victoriosos en el conflicte armat.<\/p>\n<p>Aquesta cerca de mem\u00f2ria objectiva rep diverses qualificacions que presenten variants importants:<\/p>\n","protected":false},"excerpt":{"rendered":"<p>La mem\u00f2ria hist\u00f2rica busca fer present la viol\u00e8ncia sociopol\u00edtica que s\u2019ha superposat i ha continuat un conflicte armat, que coneixem &#8230;<\/p>\n","protected":false},"author":1,"featured_media":24263,"parent":18877,"menu_order":16,"comment_status":"closed","ping_status":"closed","template":"template-page-subpages-memoria-represion.php","meta":{"_acf_changed":false,"footnotes":""},"class_list":["post-18879","page","type-page","status-publish","has-post-thumbnail","hentry"],"acf":[],"_links":{"self":[{"href":"https:\/\/memoriahistorica.dival.es\/val\/wp-json\/wp\/v2\/pages\/18879","targetHints":{"allow":["GET"]}}],"collection":[{"href":"https:\/\/memoriahistorica.dival.es\/val\/wp-json\/wp\/v2\/pages"}],"about":[{"href":"https:\/\/memoriahistorica.dival.es\/val\/wp-json\/wp\/v2\/types\/page"}],"author":[{"embeddable":true,"href":"https:\/\/memoriahistorica.dival.es\/val\/wp-json\/wp\/v2\/users\/1"}],"replies":[{"embeddable":true,"href":"https:\/\/memoriahistorica.dival.es\/val\/wp-json\/wp\/v2\/comments?post=18879"}],"version-history":[{"count":5,"href":"https:\/\/memoriahistorica.dival.es\/val\/wp-json\/wp\/v2\/pages\/18879\/revisions"}],"predecessor-version":[{"id":19376,"href":"https:\/\/memoriahistorica.dival.es\/val\/wp-json\/wp\/v2\/pages\/18879\/revisions\/19376"}],"up":[{"embeddable":true,"href":"https:\/\/memoriahistorica.dival.es\/val\/wp-json\/wp\/v2\/pages\/18877"}],"wp:featuredmedia":[{"embeddable":true,"href":"https:\/\/memoriahistorica.dival.es\/val\/wp-json\/wp\/v2\/media\/24263"}],"wp:attachment":[{"href":"https:\/\/memoriahistorica.dival.es\/val\/wp-json\/wp\/v2\/media?parent=18879"}],"curies":[{"name":"wp","href":"https:\/\/api.w.org\/{rel}","templated":true}]}}