{"id":18886,"date":"2018-01-30T12:07:51","date_gmt":"2018-01-30T12:07:51","guid":{"rendered":"https:\/\/memoriahistorica.dival.es\/programes\/la-memoria-en-la-escuela\/"},"modified":"2026-01-20T13:38:31","modified_gmt":"2026-01-20T12:38:31","slug":"memoria-escola","status":"publish","type":"page","link":"https:\/\/memoriahistorica.dival.es\/val\/programes\/memoria-escola\/","title":{"rendered":"La mem\u00f2ria a l&#8217;escola"},"content":{"rendered":"\n<div class=\"wp-block-group contenido-basico\"><div class=\"wp-block-group__inner-container is-layout-constrained wp-block-group-is-layout-constrained\">\n<p>La Delegaci\u00f3 de Mem\u00f2ria Democr\u00e0tica de la Diputaci\u00f3 de Val\u00e8ncia situa l&#8217;educaci\u00f3 en valors democr\u00e0tics i drets humans com a eix prioritari de la seua acci\u00f3 p\u00fablica. En este marc destaquen els <strong>Premis \u201cLa <em>Mem\u00f2ria a l\u2019<\/em>Escola\u201d<\/strong>, concebuts per a recon\u00e9ixer i promoure projectes educatius que integren la mem\u00f2ria democr\u00e0tica en els centres docents, fomentant el pensament cr\u00edtic, la participaci\u00f3 de l&#8217;alumnat i la vinculaci\u00f3 entre passat i present.<br>De manera complement\u00e0ria, la Delegaci\u00f3 impulsa els tallers <strong>\u201cLaboratoris de democr\u00e0cia\u201d<\/strong>, desenrotllats per la Fundaci\u00f3 Baltasar Garz\u00f3n i finan\u00e7ats per la Diputaci\u00f3, dirigits a l&#8217;alumnat de Secund\u00e0ria i Batxillerat. Estes activitats reforcen la formaci\u00f3 en democr\u00e0cia, just\u00edcia, drets humans i prevenci\u00f3 de l&#8217;autoritarisme mitjan\u00e7ant metodologies actives i participatives.<br>Les dos iniciatives, juntament amb la producci\u00f3 d&#8217;audiovisuals i la promoci\u00f3 d&#8217;obres de teatre en centres docents, consoliden el comprom\u00eds institucional amb la comunitat educativa i amb el compliment de la Llei valenciana de Mem\u00f2ria Democr\u00e0tica, dotant al professorat i a l&#8217;alumnat de ferramentes pedag\u00f2giques rigoroses per a la construcci\u00f3 d&#8217;una ciutadania democr\u00e0tica, cr\u00edtica i compromesa.<\/p>\n<\/div><\/div>\n","protected":false},"excerpt":{"rendered":"<p>La Delegaci\u00f3 de Mem\u00f2ria Democr\u00e0tica de la Diputaci\u00f3 de Val\u00e8ncia situa l&#8217;educaci\u00f3 en valors democr\u00e0tics i drets humans com a &#8230;<\/p>\n","protected":false},"author":1,"featured_media":27152,"parent":18884,"menu_order":36,"comment_status":"closed","ping_status":"closed","template":"template-pagina-subpaginas.php","meta":{"_acf_changed":false,"footnotes":""},"class_list":["post-18886","page","type-page","status-publish","has-post-thumbnail","hentry"],"acf":[],"_links":{"self":[{"href":"https:\/\/memoriahistorica.dival.es\/val\/wp-json\/wp\/v2\/pages\/18886","targetHints":{"allow":["GET"]}}],"collection":[{"href":"https:\/\/memoriahistorica.dival.es\/val\/wp-json\/wp\/v2\/pages"}],"about":[{"href":"https:\/\/memoriahistorica.dival.es\/val\/wp-json\/wp\/v2\/types\/page"}],"author":[{"embeddable":true,"href":"https:\/\/memoriahistorica.dival.es\/val\/wp-json\/wp\/v2\/users\/1"}],"replies":[{"embeddable":true,"href":"https:\/\/memoriahistorica.dival.es\/val\/wp-json\/wp\/v2\/comments?post=18886"}],"version-history":[{"count":5,"href":"https:\/\/memoriahistorica.dival.es\/val\/wp-json\/wp\/v2\/pages\/18886\/revisions"}],"predecessor-version":[{"id":27713,"href":"https:\/\/memoriahistorica.dival.es\/val\/wp-json\/wp\/v2\/pages\/18886\/revisions\/27713"}],"up":[{"embeddable":true,"href":"https:\/\/memoriahistorica.dival.es\/val\/wp-json\/wp\/v2\/pages\/18884"}],"wp:featuredmedia":[{"embeddable":true,"href":"https:\/\/memoriahistorica.dival.es\/val\/wp-json\/wp\/v2\/media\/27152"}],"wp:attachment":[{"href":"https:\/\/memoriahistorica.dival.es\/val\/wp-json\/wp\/v2\/media?parent=18886"}],"curies":[{"name":"wp","href":"https:\/\/api.w.org\/{rel}","templated":true}]}}