{"id":18892,"date":"2018-01-17T16:19:28","date_gmt":"2018-01-17T16:19:28","guid":{"rendered":"https:\/\/memoriahistorica.dival.es\/inicio\/"},"modified":"2026-04-08T12:54:23","modified_gmt":"2026-04-08T10:54:23","slug":"inicio","status":"publish","type":"page","link":"https:\/\/memoriahistorica.dival.es\/val\/","title":{"rendered":"Inici"},"content":{"rendered":"\n<p>La Diputaci\u00f3 de Val\u00e8ncia, a trav\u00e9s de la seua Delegaci\u00f3 de Mem\u00f2ria Democr\u00e0tica, desenrotlla des de 2015 una pol\u00edtica p\u00fablica que promou els valors de Veritat, Just\u00edcia, Reparaci\u00f3 i No Repetici\u00f3 assenyalats per Nacions Unides per a la superaci\u00f3 de conflictes com el que va generar a Espanya una guerra civil, a la qual va seguir una dictadura que va truncar la democr\u00e0cia espanyola fins a la seua restauraci\u00f3, gr\u00e0cies a la Constituci\u00f3 de 1978.<\/p>\n\n\n\n<p>Els recursos que oferim en esta web tenen com a objectiu difondre l&#8217;ocorregut, recuperar la mem\u00f2ria de les persones afectades, afavorir la investigaci\u00f3 i potenciar l&#8217;educaci\u00f3 en este \u00e0mbit, amb vista a refor\u00e7ar la democr\u00e0cia actual i el respecte als Drets Humans.<\/p>\n","protected":false},"excerpt":{"rendered":"<p>La Diputaci\u00f3 de Val\u00e8ncia, a trav\u00e9s de la seua Delegaci\u00f3 de Mem\u00f2ria Democr\u00e0tica, desenrotlla des de 2015 una pol\u00edtica p\u00fablica &#8230;<\/p>\n","protected":false},"author":1,"featured_media":0,"parent":0,"menu_order":2,"comment_status":"closed","ping_status":"closed","template":"template-home.php","meta":{"_acf_changed":false,"footnotes":""},"class_list":["post-18892","page","type-page","status-publish","hentry"],"acf":[],"_links":{"self":[{"href":"https:\/\/memoriahistorica.dival.es\/val\/wp-json\/wp\/v2\/pages\/18892","targetHints":{"allow":["GET"]}}],"collection":[{"href":"https:\/\/memoriahistorica.dival.es\/val\/wp-json\/wp\/v2\/pages"}],"about":[{"href":"https:\/\/memoriahistorica.dival.es\/val\/wp-json\/wp\/v2\/types\/page"}],"author":[{"embeddable":true,"href":"https:\/\/memoriahistorica.dival.es\/val\/wp-json\/wp\/v2\/users\/1"}],"replies":[{"embeddable":true,"href":"https:\/\/memoriahistorica.dival.es\/val\/wp-json\/wp\/v2\/comments?post=18892"}],"version-history":[{"count":9,"href":"https:\/\/memoriahistorica.dival.es\/val\/wp-json\/wp\/v2\/pages\/18892\/revisions"}],"predecessor-version":[{"id":28196,"href":"https:\/\/memoriahistorica.dival.es\/val\/wp-json\/wp\/v2\/pages\/18892\/revisions\/28196"}],"wp:attachment":[{"href":"https:\/\/memoriahistorica.dival.es\/val\/wp-json\/wp\/v2\/media?parent=18892"}],"curies":[{"name":"wp","href":"https:\/\/api.w.org\/{rel}","templated":true}]}}