{"id":18904,"date":"2018-01-30T12:09:13","date_gmt":"2018-01-30T12:09:13","guid":{"rendered":"https:\/\/memoriahistorica.dival.es\/recursos\/bases-de-dades\/bases-de-datos-externas\/"},"modified":"2025-12-11T11:15:10","modified_gmt":"2025-12-11T10:15:10","slug":"bases-de-datos-externas","status":"publish","type":"page","link":"https:\/\/memoriahistorica.dival.es\/val\/bases-ddades\/bases-de-datos-externas\/","title":{"rendered":"Bases de dades externes"},"content":{"rendered":"\n<div class=\"wp-block-group contenido-basico\"><div class=\"wp-block-group__inner-container is-layout-constrained wp-block-group-is-layout-constrained\">\n<p>Com a conseq\u00fc\u00e8ncia de les m\u00faltiples investigacions i de la catalogaci\u00f3 d\u2019arxius pot dir-se que hi ha prou informaci\u00f3 sobre els espanyols que van patir de forma traum\u00e0tica aquest per\u00edode de la hist\u00f2ria, ja siga perqu\u00e8 van morir en la guerra, perqu\u00e8 van ser represaliats, perqu\u00e8 van resultar ferits, etc., per\u00f2 moltes vegades esta informaci\u00f3 es troba dispersa en multitud de llocs web i publicacions. Per aix\u00f2 pretenem concentrar ac\u00ed, arreplegats en una \u00fanica p\u00e1gina, tant l\u2019acc\u00e9s a bases de dades que hem elaborat en aquesta delegaci\u00f3 de la Diputaci\u00f3 de Val\u00e8ncia, com facilitar la consulta a altres del Ministeri de Cultura i d\u2019altres organismes i entitats que poden ser del teu inter\u00e9s.<\/p>\n\n\n\n<p>L\u2019objectiu \u00e9s continuar incrementant la informaci\u00f3 a trav\u00e9s de la incorporaci\u00f3 de nous documents i dades.<\/p>\n<\/div><\/div>\n","protected":false},"excerpt":{"rendered":"<p>Com a conseq\u00fc\u00e8ncia de les m\u00faltiples investigacions i de la catalogaci\u00f3 d\u2019arxius pot dir-se que hi ha prou informaci\u00f3 sobre &#8230;<\/p>\n","protected":false},"author":1,"featured_media":25515,"parent":24978,"menu_order":85,"comment_status":"closed","ping_status":"closed","template":"template-bbdd.php","meta":{"_acf_changed":false,"footnotes":""},"class_list":["post-18904","page","type-page","status-publish","has-post-thumbnail","hentry"],"acf":[],"_links":{"self":[{"href":"https:\/\/memoriahistorica.dival.es\/val\/wp-json\/wp\/v2\/pages\/18904","targetHints":{"allow":["GET"]}}],"collection":[{"href":"https:\/\/memoriahistorica.dival.es\/val\/wp-json\/wp\/v2\/pages"}],"about":[{"href":"https:\/\/memoriahistorica.dival.es\/val\/wp-json\/wp\/v2\/types\/page"}],"author":[{"embeddable":true,"href":"https:\/\/memoriahistorica.dival.es\/val\/wp-json\/wp\/v2\/users\/1"}],"replies":[{"embeddable":true,"href":"https:\/\/memoriahistorica.dival.es\/val\/wp-json\/wp\/v2\/comments?post=18904"}],"version-history":[{"count":5,"href":"https:\/\/memoriahistorica.dival.es\/val\/wp-json\/wp\/v2\/pages\/18904\/revisions"}],"predecessor-version":[{"id":27124,"href":"https:\/\/memoriahistorica.dival.es\/val\/wp-json\/wp\/v2\/pages\/18904\/revisions\/27124"}],"up":[{"embeddable":true,"href":"https:\/\/memoriahistorica.dival.es\/val\/wp-json\/wp\/v2\/pages\/24978"}],"wp:featuredmedia":[{"embeddable":true,"href":"https:\/\/memoriahistorica.dival.es\/val\/wp-json\/wp\/v2\/media\/25515"}],"wp:attachment":[{"href":"https:\/\/memoriahistorica.dival.es\/val\/wp-json\/wp\/v2\/media?parent=18904"}],"curies":[{"name":"wp","href":"https:\/\/api.w.org\/{rel}","templated":true}]}}