{"id":19167,"date":"2018-04-10T16:30:57","date_gmt":"2018-04-10T16:30:57","guid":{"rendered":"https:\/\/memoriahistorica.dival.es\/recursos\/archivo-memoria-historica\/"},"modified":"2025-11-11T12:47:01","modified_gmt":"2025-11-11T11:47:01","slug":"arxiu-memoria-historica","status":"publish","type":"page","link":"https:\/\/memoriahistorica.dival.es\/val\/espacio-multimedia\/arxiu-memoria-historica\/","title":{"rendered":"Arxiu d&#8217;Hist\u00f2ria Oral"},"content":{"rendered":"\n<p><strong><em>La Nostra Mem\u00f2ria<\/em><\/strong>\u00a0naix amb la voluntat de constituir-se en un banc audiovisual en qu\u00e8 s\u2019arrepleguen les viv\u00e8ncies personals de testimonis i familiars relacionades amb la lluita per les llibertats p\u00fabliques a Espanya, des de l\u2019esclat de la Guerra Civil fins a la Transici\u00f3 espanyola a la democr\u00e0cia<\/p>\n\n\n\n<p>Aquest projecte d\u2019arxiu d\u2019hist\u00f2ria oral busca, per tant, contribuir a impedir l\u2019oblit de tot all\u00f2 que va succeir durant la dictadura franquista i aspira a convertir-se en un repositori plural de les mem\u00f2ries sobre la hist\u00f2ria m\u00e9s recent de tots els valencians.<\/p>\n\n\n\n<p><strong><em>La nostra mem\u00f2ria<\/em><\/strong> \u00e9s un projecte que no ha fet m\u00e9s que comen\u00e7ar a caminar, \u00e9s un projecte viu que busca continuar incorporant noves entrevistes i fonts orals. Totes les gravacions s\u2019han enregistrat en format audiovisual i apareixen \u00edntegrament transcrites en la llengua emprada per l\u2019entrevistat, acompanyada de la corresponent traducci\u00f3 al valenci\u00e0 o al castell\u00e0, segons siga el cas.<\/p>\n\n\n\n<p>La navegaci\u00f3 est\u00e0 dissenyada per a ser intu\u00eftiva i senzilla. A m\u00e9s de poder accedir al llistat d\u2019entrevistats des de \u201cProtagonistes\u201d, amb el corresponent resum i transcripci\u00f3 de la seua entrevista, sempre pots optar per la cerca tem\u00e0tica, mitjan\u00e7ant descriptors tem\u00e0tics, onom\u00e0stics o cronol\u00f2gics; o per la cerca lliure.<\/p>\n\n\n\n<div style=\"height:65px\" aria-hidden=\"true\" class=\"wp-block-spacer\"><\/div>\n\n\n\n<div class=\"wp-block-buttons is-content-justification-center is-layout-flex wp-container-core-buttons-is-layout-16018d1d wp-block-buttons-is-layout-flex\">\n<div class=\"wp-block-button boton-busqueda f16\"><a class=\" wp-element-button\" href=\"https:\/\/memoriahistorica.dival.es\/val\/espacio-multimedia\/arxiu-memoria-historica\/busqueda-libre\/\">CERCA LLIURE\u00a0<\/a><\/div>\n<\/div>\n\n\n\n<div class=\"wp-block-buttons is-content-justification-center is-layout-flex wp-container-core-buttons-is-layout-16018d1d wp-block-buttons-is-layout-flex\">\n<div class=\"wp-block-button boton-busqueda  f16\"><a class=\" wp-element-button\" href=\"https:\/\/memoriahistorica.dival.es\/val\/espacio-multimedia\/arxiu-memoria-historica\/busqueda-tematica\/\">CERCA TEM\u00c0TICA<\/a><\/div>\n<\/div>\n\n\n\n<p><\/p>\n","protected":false},"excerpt":{"rendered":"<p>La Nostra Mem\u00f2ria\u00a0naix amb la voluntat de constituir-se en un banc audiovisual en qu\u00e8 s\u2019arrepleguen les viv\u00e8ncies personals de testimonis &#8230;<\/p>\n","protected":false},"author":1,"featured_media":25296,"parent":24971,"menu_order":48,"comment_status":"closed","ping_status":"closed","template":"template-historia_oral.php","meta":{"_acf_changed":false,"footnotes":""},"class_list":["post-19167","page","type-page","status-publish","has-post-thumbnail","hentry"],"acf":[],"_links":{"self":[{"href":"https:\/\/memoriahistorica.dival.es\/val\/wp-json\/wp\/v2\/pages\/19167","targetHints":{"allow":["GET"]}}],"collection":[{"href":"https:\/\/memoriahistorica.dival.es\/val\/wp-json\/wp\/v2\/pages"}],"about":[{"href":"https:\/\/memoriahistorica.dival.es\/val\/wp-json\/wp\/v2\/types\/page"}],"author":[{"embeddable":true,"href":"https:\/\/memoriahistorica.dival.es\/val\/wp-json\/wp\/v2\/users\/1"}],"replies":[{"embeddable":true,"href":"https:\/\/memoriahistorica.dival.es\/val\/wp-json\/wp\/v2\/comments?post=19167"}],"version-history":[{"count":5,"href":"https:\/\/memoriahistorica.dival.es\/val\/wp-json\/wp\/v2\/pages\/19167\/revisions"}],"predecessor-version":[{"id":26496,"href":"https:\/\/memoriahistorica.dival.es\/val\/wp-json\/wp\/v2\/pages\/19167\/revisions\/26496"}],"up":[{"embeddable":true,"href":"https:\/\/memoriahistorica.dival.es\/val\/wp-json\/wp\/v2\/pages\/24971"}],"wp:featuredmedia":[{"embeddable":true,"href":"https:\/\/memoriahistorica.dival.es\/val\/wp-json\/wp\/v2\/media\/25296"}],"wp:attachment":[{"href":"https:\/\/memoriahistorica.dival.es\/val\/wp-json\/wp\/v2\/media?parent=19167"}],"curies":[{"name":"wp","href":"https:\/\/api.w.org\/{rel}","templated":true}]}}