{"id":21650,"date":"2021-07-08T09:58:55","date_gmt":"2021-07-08T07:58:55","guid":{"rendered":"https:\/\/memoriahistorica.dival.es\/?page_id=21650"},"modified":"2025-11-15T14:22:29","modified_gmt":"2025-11-15T13:22:29","slug":"representacions-teatrals","status":"publish","type":"page","link":"https:\/\/memoriahistorica.dival.es\/val\/programes\/memoria-escola\/representacions-teatrals\/","title":{"rendered":"Representacions teatrals en centres d&#8217;ensenyament secundari i Batxillerat"},"content":{"rendered":"<p>L&#8217;any 2019, seguint amb l&#8217;objectiu de fer arribar a tots els estudiants de secund\u00e0ria i batxillerat, de manera adequada a la seua edat, la realitat de l&#8217;esdevingut durant el per\u00edode de la Guerra Civil i la dictadura franquista, es va contractar la companyia Viridiana per a la representaci\u00f3 de l&#8217;obra de teatre \u201cLleugers \u00a0d&#8217;Equipatge\u201d en diversos centres educatius de la prov\u00edncia de Val\u00e8ncia.<\/p>\n<p>La representaci\u00f3 de l&#8217;obra, que tracta la q\u00fcesti\u00f3 de l&#8217;exili que van patir multitud d&#8217;espanyols en finalitzar la guerra, va ser acompanyada d&#8217;un treball previ a les aules estudiant la part del temari relativa a la Guerra Civil i la postguerra. L&#8217;obra va tindre un magn\u00edfic acolliment tant per part dels alumnes com del professorat.<\/p>\n<p>&nbsp;<\/p>\n","protected":false},"excerpt":{"rendered":"<p>L&#8217;any 2019, seguint amb l&#8217;objectiu de fer arribar a tots els estudiants de secund\u00e0ria i batxillerat, de manera adequada a &#8230;<\/p>\n","protected":false},"author":2,"featured_media":25966,"parent":18886,"menu_order":44,"comment_status":"closed","ping_status":"closed","template":"template-representaciones-teatrales.php","meta":{"_acf_changed":false,"footnotes":""},"class_list":["post-21650","page","type-page","status-publish","has-post-thumbnail","hentry"],"acf":[],"_links":{"self":[{"href":"https:\/\/memoriahistorica.dival.es\/val\/wp-json\/wp\/v2\/pages\/21650","targetHints":{"allow":["GET"]}}],"collection":[{"href":"https:\/\/memoriahistorica.dival.es\/val\/wp-json\/wp\/v2\/pages"}],"about":[{"href":"https:\/\/memoriahistorica.dival.es\/val\/wp-json\/wp\/v2\/types\/page"}],"author":[{"embeddable":true,"href":"https:\/\/memoriahistorica.dival.es\/val\/wp-json\/wp\/v2\/users\/2"}],"replies":[{"embeddable":true,"href":"https:\/\/memoriahistorica.dival.es\/val\/wp-json\/wp\/v2\/comments?post=21650"}],"version-history":[{"count":5,"href":"https:\/\/memoriahistorica.dival.es\/val\/wp-json\/wp\/v2\/pages\/21650\/revisions"}],"predecessor-version":[{"id":26573,"href":"https:\/\/memoriahistorica.dival.es\/val\/wp-json\/wp\/v2\/pages\/21650\/revisions\/26573"}],"up":[{"embeddable":true,"href":"https:\/\/memoriahistorica.dival.es\/val\/wp-json\/wp\/v2\/pages\/18886"}],"wp:featuredmedia":[{"embeddable":true,"href":"https:\/\/memoriahistorica.dival.es\/val\/wp-json\/wp\/v2\/media\/25966"}],"wp:attachment":[{"href":"https:\/\/memoriahistorica.dival.es\/val\/wp-json\/wp\/v2\/media?parent=21650"}],"curies":[{"name":"wp","href":"https:\/\/api.w.org\/{rel}","templated":true}]}}