{"id":26099,"date":"2021-07-08T09:59:56","date_gmt":"2021-07-08T07:59:56","guid":{"rendered":"https:\/\/memoriahistorica.dival.es\/programes\/memoria-escola\/elaboracion-audiovisuales\/"},"modified":"2025-11-17T08:35:27","modified_gmt":"2025-11-17T07:35:27","slug":"elaboracion-audiovisuales","status":"publish","type":"page","link":"https:\/\/memoriahistorica.dival.es\/val\/programes\/memoria-escola\/elaboracion-audiovisuales\/","title":{"rendered":"Elaboraci\u00f3 d\u00b4audiovisuals"},"content":{"rendered":"\n<p>El fet que els destinataris de \u201cLa Mem\u00f2ria a l\u2019Escola\u201d foren joves ens va portar a considerar que la millor opci\u00f3 era elaborar un producte audiovisual, amb el qual arribar m\u00e9s f\u00e0cilment a aquest p\u00fablic. Aquesta producci\u00f3 de la Diputaci\u00f3 va ser realitzada t\u00e8cnicament per l\u2019Associaci\u00f3 Stanbrook.<\/p>\n\n\n\n<p>La idea de contribuir en l\u2019educaci\u00f3 dels nostres joves durant el seu per\u00edode formatiu va fer confluir aquesta actuaci\u00f3 pr\u00f2pia de la Diputaci\u00f3 amb les compet\u00e8ncies de la Conselleria d\u2019Educaci\u00f3, Investigaci\u00f3, Cultura i Esport de la Generalitat Valenciana. Fruit d\u2019aquesta col\u00b7laboraci\u00f3 interadministrativa es va repartir en 2018 als centres docents el documental \u201cFills del silenci\u201d, en les seues versions en castell\u00e0 i valenci\u00e0, juntament amb la seua corresponent unitat did\u00e0ctica. L\u2019objecte d\u2019aquesta actuaci\u00f3 era aportar al professorat una eina amb la qual col\u00b7laborar al compliment de l\u2019art. 33 de la Llei 14\/2017, de 10 de novembre, de la Generalitat Valenciana de Mem\u00f2ria Democr\u00e0tica i per a la Conviv\u00e8ncia, que inclou la mem\u00f2ria democr\u00e0tica en els curr\u00edculums d\u2019educaci\u00f3 prim\u00e0ria, secund\u00e0ria i formaci\u00f3 d\u2019adults, comprometent-se a m\u00e9s a dotar el professorat d\u2019eines i plans de formaci\u00f3 per a aquest fi.<\/p>\n","protected":false},"excerpt":{"rendered":"<p>El fet que els destinataris de \u201cLa Mem\u00f2ria a l\u2019Escola\u201d foren joves ens va portar a considerar que la millor &#8230;<\/p>\n","protected":false},"author":2,"featured_media":25964,"parent":18886,"menu_order":43,"comment_status":"closed","ping_status":"closed","template":"template-page-subpages-memoria-audiovisuales.php","meta":{"_acf_changed":false,"footnotes":""},"class_list":["post-26099","page","type-page","status-publish","has-post-thumbnail","hentry"],"acf":[],"_links":{"self":[{"href":"https:\/\/memoriahistorica.dival.es\/val\/wp-json\/wp\/v2\/pages\/26099","targetHints":{"allow":["GET"]}}],"collection":[{"href":"https:\/\/memoriahistorica.dival.es\/val\/wp-json\/wp\/v2\/pages"}],"about":[{"href":"https:\/\/memoriahistorica.dival.es\/val\/wp-json\/wp\/v2\/types\/page"}],"author":[{"embeddable":true,"href":"https:\/\/memoriahistorica.dival.es\/val\/wp-json\/wp\/v2\/users\/2"}],"replies":[{"embeddable":true,"href":"https:\/\/memoriahistorica.dival.es\/val\/wp-json\/wp\/v2\/comments?post=26099"}],"version-history":[{"count":5,"href":"https:\/\/memoriahistorica.dival.es\/val\/wp-json\/wp\/v2\/pages\/26099\/revisions"}],"predecessor-version":[{"id":26594,"href":"https:\/\/memoriahistorica.dival.es\/val\/wp-json\/wp\/v2\/pages\/26099\/revisions\/26594"}],"up":[{"embeddable":true,"href":"https:\/\/memoriahistorica.dival.es\/val\/wp-json\/wp\/v2\/pages\/18886"}],"wp:featuredmedia":[{"embeddable":true,"href":"https:\/\/memoriahistorica.dival.es\/val\/wp-json\/wp\/v2\/media\/25964"}],"wp:attachment":[{"href":"https:\/\/memoriahistorica.dival.es\/val\/wp-json\/wp\/v2\/media?parent=26099"}],"curies":[{"name":"wp","href":"https:\/\/api.w.org\/{rel}","templated":true}]}}