{"id":26100,"date":"2025-08-18T11:59:37","date_gmt":"2025-08-18T09:59:37","guid":{"rendered":"https:\/\/memoriahistorica.dival.es\/programes\/premios\/premio-maria-la-jabalina\/"},"modified":"2026-01-12T09:35:31","modified_gmt":"2026-01-12T08:35:31","slug":"premio-maria-la-jabalina","status":"publish","type":"page","link":"https:\/\/memoriahistorica.dival.es\/val\/programes\/premis\/premio-maria-la-jabalina\/","title":{"rendered":"Premi Mar\u00eda La Jabalina"},"content":{"rendered":"\n<div class=\"wp-block-group contenido-basico\"><div class=\"wp-block-group__inner-container is-layout-constrained wp-block-group-is-layout-constrained\">\n<p>La convocat\u00f2ria del Premi Mar\u00eda la Jabalina t\u00e9 l&#8217;objectiu de fomentar la creativitat liter\u00e0ria i la divulgaci\u00f3 de la mem\u00f2ria democr\u00e0tica.  <\/p>\n\n\n\n<p>Mitjan\u00e7ant l&#8217;\u00fas de l&#8217;exposici\u00f3, descripci\u00f3, narraci\u00f3 o argumentaci\u00f3 d&#8217;un contingut ver\u00eddic o basat en fets reals, la literatura de no ficci\u00f3 ens obri una porta per a con\u00e9ixer realitats passades. Tracta de ser fidel a la realitat amb l&#8217;objectiu de divulgar, informar o educar sobre un tema concret.<br>El premi t\u00e9 com a finalitat fer efectius a la prov\u00edncia de Val\u00e8ncia, dins dels l\u00edmits competencials de la Diputaci\u00f3, els principis de veritat, just\u00edcia i reparaci\u00f3 reconeguts pel dret internacional vinculat als drets humans. Per a fer-ho, utilitza la creativitat liter\u00e0ria per a introduir en l&#8217;opini\u00f3 p\u00fablica temes de debat sobre la mem\u00f2ria democr\u00e0tica, de manera que s&#8217;afavorix aix\u00ed el compliment de la Llei 20\/2022, de 19 d&#8217;octubre, de mem\u00f2ria democr\u00e0tica, per la qual es reconeixen i s&#8217;amplien drets i s&#8217;establixen mesures en favor dels qui van patir persecuci\u00f3 o viol\u00e8ncia durant la guerra civil i la dictadura.<br>S&#8217;ha volgut titular al premi, Mar\u00eda La Javelina, per a rehabilitar la figura d&#8217;esta dona assassinada despr\u00e9s de la guerra, filla d&#8217;Isabel Lacruz Civera i Manuel P\u00e9rez. En 1923 la fam\u00edlia es va traslladar a Sagunt a la recerca de treball, donada la gran conflictivitat que hi havia a Terol. Amb nom\u00e9s d\u00e8nou anys, Mar\u00eda es va incorporar a la Columna de Ferro, en favor de la legalitat republicana, en Sarri\u00f3n, on va participar com a infermera en la creaci\u00f3 d&#8217;un hospital en el front. El 23 d&#8217;agost de 1936, durant la Batalla de Terol, la van ferir de bala en una cama. Acabada la guerra, la Gu\u00e0rdia Civil la va detindre el 23 d&#8217;abril de 1939, estant embarassada. Va donar a llum el 9 de gener de 1940, per\u00f2 del seu fill o filla mai es va tornar a saber res, ja que li ho van robar i ho van donar en adopci\u00f3. Despr\u00e9s va ser donada d&#8217;alta i va tornar a pres\u00f3, als calabossos del Govern Civil de Val\u00e8ncia. M\u00e9s tard va ser traslladada a la pres\u00f3 provincial de dones de Santa Clara. Va romandre all\u00ed fins que va ingressar a la pres\u00f3 de dones de Val\u00e8ncia. El consell de guerra iniciat el 28 de juliol de 1942 li va atribuir la comissi\u00f3 d&#8217;un delicte d&#8217;adhesi\u00f3 a la rebel\u00b7li\u00f3 i va demanar la pena de mort. Sense proves, m\u00e9s enll\u00e0 de les manifestacions que constaven en la instrucci\u00f3, va ser condemnada a mort i afusellada en el cementeri de Paterna, la qual cosa la va convertir en l&#8217;\u00faltima dona executada per la dictadura franquista en el conegut com a Pared\u00f3 d&#8217;Espanya.<\/p>\n\n\n\n<p><\/p>\n<\/div><\/div>\n\n\n\n<figure class=\"wp-block-image size-large\"><img loading=\"lazy\" decoding=\"async\" width=\"1800\" height=\"1170\" src=\"https:\/\/memoriahistorica.dival.es\/wp-content\/uploads\/2-Premio-literario-Maria-la-Jabalina-foto_Abulaila-1-1-2-1800x1170.jpg\" alt=\"\" class=\"wp-image-27689\" srcset=\"https:\/\/memoriahistorica.dival.es\/wp-content\/uploads\/2-Premio-literario-Maria-la-Jabalina-foto_Abulaila-1-1-2-1800x1170.jpg 1800w, https:\/\/memoriahistorica.dival.es\/wp-content\/uploads\/2-Premio-literario-Maria-la-Jabalina-foto_Abulaila-1-1-2-1200x780.jpg 1200w, https:\/\/memoriahistorica.dival.es\/wp-content\/uploads\/2-Premio-literario-Maria-la-Jabalina-foto_Abulaila-1-1-2-600x390.jpg 600w, https:\/\/memoriahistorica.dival.es\/wp-content\/uploads\/2-Premio-literario-Maria-la-Jabalina-foto_Abulaila-1-1-2-768x499.jpg 768w, https:\/\/memoriahistorica.dival.es\/wp-content\/uploads\/2-Premio-literario-Maria-la-Jabalina-foto_Abulaila-1-1-2-1536x998.jpg 1536w, https:\/\/memoriahistorica.dival.es\/wp-content\/uploads\/2-Premio-literario-Maria-la-Jabalina-foto_Abulaila-1-1-2-2048x1331.jpg 2048w\" sizes=\"auto, (max-width: 1800px) 100vw, 1800px\" \/><figcaption class=\"wp-element-caption\">Nat\u00e0lia Enguix vicepresidenta primera de la Diputaci\u00f3 de Val\u00e8ncia entrega el premi a Josep Franco pel seu llibre \u00abEnric Moret, la mem\u00f2ria del marbre\u00bb<\/figcaption><\/figure>\n\n\n\n<figure class=\"wp-block-video\"><video height=\"1080\" style=\"aspect-ratio: 1920 \/ 1080;\" width=\"1920\" controls src=\"https:\/\/memoriahistorica.dival.es\/wp-content\/uploads\/Premi-LiterariTv_0-1.mp4\"><\/video><figcaption class=\"wp-element-caption\">Gala de lliurament del Premi literari Maria la Jabalina 17 de setembre 2025<\/figcaption><\/figure>\n","protected":false},"excerpt":{"rendered":"<p>La convocat\u00f2ria del Premi Mar\u00eda la Jabalina t\u00e9 l&#8217;objectiu de fomentar la creativitat liter\u00e0ria i la divulgaci\u00f3 de la mem\u00f2ria &#8230;<\/p>\n","protected":false},"author":6,"featured_media":25575,"parent":26097,"menu_order":47,"comment_status":"closed","ping_status":"closed","template":"template-pagina-premios.php","meta":{"_acf_changed":false,"footnotes":""},"class_list":["post-26100","page","type-page","status-publish","has-post-thumbnail","hentry"],"acf":[],"_links":{"self":[{"href":"https:\/\/memoriahistorica.dival.es\/val\/wp-json\/wp\/v2\/pages\/26100","targetHints":{"allow":["GET"]}}],"collection":[{"href":"https:\/\/memoriahistorica.dival.es\/val\/wp-json\/wp\/v2\/pages"}],"about":[{"href":"https:\/\/memoriahistorica.dival.es\/val\/wp-json\/wp\/v2\/types\/page"}],"author":[{"embeddable":true,"href":"https:\/\/memoriahistorica.dival.es\/val\/wp-json\/wp\/v2\/users\/6"}],"replies":[{"embeddable":true,"href":"https:\/\/memoriahistorica.dival.es\/val\/wp-json\/wp\/v2\/comments?post=26100"}],"version-history":[{"count":5,"href":"https:\/\/memoriahistorica.dival.es\/val\/wp-json\/wp\/v2\/pages\/26100\/revisions"}],"predecessor-version":[{"id":27693,"href":"https:\/\/memoriahistorica.dival.es\/val\/wp-json\/wp\/v2\/pages\/26100\/revisions\/27693"}],"up":[{"embeddable":true,"href":"https:\/\/memoriahistorica.dival.es\/val\/wp-json\/wp\/v2\/pages\/26097"}],"wp:featuredmedia":[{"embeddable":true,"href":"https:\/\/memoriahistorica.dival.es\/val\/wp-json\/wp\/v2\/media\/25575"}],"wp:attachment":[{"href":"https:\/\/memoriahistorica.dival.es\/val\/wp-json\/wp\/v2\/media?parent=26100"}],"curies":[{"name":"wp","href":"https:\/\/api.w.org\/{rel}","templated":true}]}}