{"id":26102,"date":"2025-08-01T11:32:49","date_gmt":"2025-08-01T09:32:49","guid":{"rendered":"https:\/\/memoriahistorica.dival.es\/bases-de-datos\/fondo-documental\/"},"modified":"2025-12-15T13:29:05","modified_gmt":"2025-12-15T12:29:05","slug":"centre-documental","status":"publish","type":"page","link":"https:\/\/memoriahistorica.dival.es\/val\/bases-ddades\/centre-documental\/","title":{"rendered":"Centre Documental de la Mem\u00f2ria Democr\u00e0tica Valenciana"},"content":{"rendered":"\n<div class=\"wp-block-buttons mb40-80 is-content-justification-center is-layout-flex wp-container-core-buttons-is-layout-16018d1d wp-block-buttons-is-layout-flex\">\n<div class=\"wp-block-button boton-flecha-der mf16-19 no-flecha-button-peq boton-md-center mf14 text-center-all\"><a class=\" wp-element-button\" href=\"https:\/\/cdmemoriademocraticavalenciana.dival.es\/pandora\/index.vm?view=mh&amp;lang=es\" target=\"_blank\" rel=\"noreferrer noopener\">Accedir al centre documental<\/a><\/div>\n<\/div>\n\n\n\n<div class=\"wp-block-columns is-layout-flex wp-container-core-columns-is-layout-9d6595d7 wp-block-columns-is-layout-flex\">\n<div class=\"wp-block-column is-layout-flow wp-block-column-is-layout-flow\" style=\"flex-basis:66.66%\">\n<p>La Delegaci\u00f3 de Mem\u00f2ria Democr\u00e0tica de la Diputaci\u00f3 de Val\u00e8ncia t\u00e9 per objecte desenvolupar una adequada pol\u00edtica de mem\u00f2ria que recordi no nom\u00e9s el que va passar i com va passar, sin\u00f3 tamb\u00e9 tots els ciutadans i ciutadanes que van patir tortura, repressi\u00f3, exili i fins i tot van morir per defensar la seua ideologia i els valors que avui constitueixen els pilars pol\u00edtics de la nostra democr\u00e0cia, sense importar.<\/p>\n\n\n\n<p>Per tot aix\u00f2, la Delegaci\u00f3 ha posat en marxa el Centre Documental de la Mem\u00f2ria Democr\u00e0tica Valenciana, per satisfer tant les necessitats informatives d&#8217;aquelles persones que fan investigacions hist\u00f2riques i de la ciutadania en general, com per establir un punt d&#8217;atenci\u00f3 en qu\u00e8 poder resoldre els seus dubtes i obtenir el suport especialitzat per trobar respostes a les consultes relacionades amb les v\u00edctimes.<\/p>\n\n\n\n<p>Actualment la col\u00b7lecci\u00f3 del Centre Documental est\u00e0 formada per m\u00e9s de 4.000 exemplars entre monografies, premsa, cartells, fotografies, fulletons, material ef\u00edmer i documents personals i d&#8217;arxiu. Gr\u00e0cies a convenis establerts amb altres administracions i institucions, s&#8217;han pogut digitalitzar fons clau d&#8217;aquest per\u00edode hist\u00f2ric. Tamb\u00e9 col\u00b7leccionistes privats han contribu\u00eft a engrandir aquesta col\u00b7lecci\u00f3 amb la cessi\u00f3 de part dels seus fons documentals.<\/p>\n\n\n\n<p>Seguint l&#8217;objectiu de conservaci\u00f3 i difusi\u00f3 d&#8217;aquest patrimoni documental i per fomentar la investigaci\u00f3 sobre la nostra mem\u00f2ria, continuem treballant per convertir aquest Centre Documental en repositori per a l&#8217;agregaci\u00f3 de continguts digitals a HISPANA i EUROPEANA.<\/p>\n<\/div>\n\n\n\n<div class=\"wp-block-column is-layout-flow wp-block-column-is-layout-flow\" style=\"flex-basis:33.33%\"><div class=\"wp-block-image f14\">\n<figure class=\"alignleft size-full\"><img loading=\"lazy\" decoding=\"async\" width=\"376\" height=\"559\" src=\"https:\/\/memoriahistorica.dival.es\/wp-content\/uploads\/loor_a_los_heroes-1.jpg\" alt=\"Los H\u00e9roes de Arturo Ballester\" class=\"wp-image-25538\"\/><figcaption class=\"wp-element-caption\"><em>Los H\u00e9roes<\/em> de Arturo Ballester<\/figcaption><\/figure>\n<\/div><\/div>\n<\/div>\n","protected":false},"excerpt":{"rendered":"<p>La Delegaci\u00f3 de Mem\u00f2ria Democr\u00e0tica de la Diputaci\u00f3 de Val\u00e8ncia t\u00e9 per objecte desenvolupar una adequada pol\u00edtica de mem\u00f2ria que &#8230;<\/p>\n","protected":false},"author":6,"featured_media":25520,"parent":24978,"menu_order":76,"comment_status":"closed","ping_status":"closed","template":"template-bbdd.php","meta":{"_acf_changed":false,"footnotes":""},"class_list":["post-26102","page","type-page","status-publish","has-post-thumbnail","hentry"],"acf":[],"_links":{"self":[{"href":"https:\/\/memoriahistorica.dival.es\/val\/wp-json\/wp\/v2\/pages\/26102","targetHints":{"allow":["GET"]}}],"collection":[{"href":"https:\/\/memoriahistorica.dival.es\/val\/wp-json\/wp\/v2\/pages"}],"about":[{"href":"https:\/\/memoriahistorica.dival.es\/val\/wp-json\/wp\/v2\/types\/page"}],"author":[{"embeddable":true,"href":"https:\/\/memoriahistorica.dival.es\/val\/wp-json\/wp\/v2\/users\/6"}],"replies":[{"embeddable":true,"href":"https:\/\/memoriahistorica.dival.es\/val\/wp-json\/wp\/v2\/comments?post=26102"}],"version-history":[{"count":5,"href":"https:\/\/memoriahistorica.dival.es\/val\/wp-json\/wp\/v2\/pages\/26102\/revisions"}],"predecessor-version":[{"id":27125,"href":"https:\/\/memoriahistorica.dival.es\/val\/wp-json\/wp\/v2\/pages\/26102\/revisions\/27125"}],"up":[{"embeddable":true,"href":"https:\/\/memoriahistorica.dival.es\/val\/wp-json\/wp\/v2\/pages\/24978"}],"wp:featuredmedia":[{"embeddable":true,"href":"https:\/\/memoriahistorica.dival.es\/val\/wp-json\/wp\/v2\/media\/25520"}],"wp:attachment":[{"href":"https:\/\/memoriahistorica.dival.es\/val\/wp-json\/wp\/v2\/media?parent=26102"}],"curies":[{"name":"wp","href":"https:\/\/api.w.org\/{rel}","templated":true}]}}