{"id":26349,"date":"2025-08-08T13:39:51","date_gmt":"2025-08-08T11:39:51","guid":{"rendered":"https:\/\/memoriahistorica.dival.es\/aviso-legal\/"},"modified":"2025-11-03T18:19:12","modified_gmt":"2025-11-03T17:19:12","slug":"aviso-legal","status":"publish","type":"page","link":"https:\/\/memoriahistorica.dival.es\/val\/aviso-legal\/","title":{"rendered":"Av\u00eds Legal"},"content":{"rendered":"\n<p><strong>1. Titularitat del lloc web.<\/strong><\/p>\n\n\n\n<p>Dival.es \u00e9s un domini en internet de titularitat de l\u2019Excma. Diputaci\u00f3 Provincial de Val\u00e8ncia, CIF P4600000F, amb seu i domicili social a Val\u00e8ncia, Pla\u00e7a de Manises n\u00fam. 4, CP 46003, Tf. (34) 96 388 25 25, fax (34) 96 388 29 14, correu-e&nbsp;<a href=\"mailto:labatliarespon@dival.es\">labatliarespon@dival.es<\/a><\/p>\n\n\n\n<p><strong>2. Recomanacions d\u2019acc\u00e9s<\/strong><\/p>\n\n\n\n<p>Resoluci\u00f3 de pantalla: 1024 x 768.<\/p>\n\n\n\n<p>Versions dels navegadors:<\/p>\n\n\n\n<p>Explorer: 10<\/p>\n\n\n\n<p>FireFox: 10<\/p>\n\n\n\n<p>Chrome:&nbsp; versi\u00f3 38 i superiors<\/p>\n\n\n\n<p><br><strong>3. Objecte<\/strong><\/p>\n\n\n\n<p>La Diputaci\u00f3 Provincial de Val\u00e8ncia, a trav\u00e9s d\u2019este espai web, posa a disposici\u00f3 dels diferents usuaris l\u2019acc\u00e9s i utilitzaci\u00f3 de servicis i informaci\u00f3 referits tant al seu \u00e0mbit d\u2019actuaci\u00f3 com, si \u00e9s el cas, proporcionats per tercers.<\/p>\n\n\n\n<p><strong>4. Termes i condicions d\u2019\u00fas<\/strong><\/p>\n\n\n\n<p>Es considera usuari del present lloc web qualsevol que hi accedisca i l\u2019utilitze. La condici\u00f3 d\u2019usuari comporta la total acceptaci\u00f3 de les condicions establides en el present Av\u00eds Legal i en les especials que puguen establir-se per a determinats servicis i utilitats. Els usuaris adquirixen el comprom\u00eds d\u2019ajustar la seua actuaci\u00f3 a les esmentades condicions i a observar all\u00f2 que s\u2019ha disposat per la normativa legal, aix\u00ed com a les instruccions i avisos que es posen en el seu coneixement.<\/p>\n\n\n\n<p>Quan siga necess\u00e0ria la utilitzaci\u00f3 d\u2019una contrasenya o nom d\u2019usuari per a accedir a algun contingut o servici d\u2019este lloc web, l\u2019usuari queda obligat a mantindre\u2019ls en secret i a fer-ne un \u00fas diligent. En cas de p\u00e8rdua o utilitzaci\u00f3 negligent de la contrasenya, l\u2019usuari respondr\u00e0 de la utilitzaci\u00f3 que n\u2019hagen pogut fer terceres persones.<\/p>\n\n\n\n<p>La propietat intel\u00b7lectual del contingut, informaci\u00f3, gr\u00e0fics, disseny, multim\u00e8dia, aplicacions, productes, servicis i qualsevol altre material d\u2019este lloc web \u00e9s de la Diputaci\u00f3 de Val\u00e8ncia, llevat que s\u2019especifique el contrari. Queda, per tant, prohibida la seua c\u00f2pia, reproducci\u00f3, distribuci\u00f3, publicaci\u00f3, desc\u00e0rrega, exhibici\u00f3 o transmissi\u00f3 en qualsevol format o mitj\u00e0, incloent-hi mitjans electr\u00f2nics, mec\u00e0nics, reprogr\u00e0fics, de gravaci\u00f3 o qualsevol altre, sense el perm\u00eds previ per escrit de la Diputaci\u00f3 i, si escau, del propietari del copyright o drets d\u2019autor.<\/p>\n\n\n\n<p>Qualsevol \u00fas no autoritzat de materials continguts en este web pot vulnerar lleis de copyright, de registre de marques, de drets de propietat intel\u00b7lectual, de privacitat, publicitat, i la resta de legislaci\u00f3 sobre comunicaci\u00f3. Queda prohibida la utilitzaci\u00f3 dels continguts d\u2019este lloc web amb fins comercials o publicitaris.<\/p>\n\n\n\n<p>Els usuaris d\u2019Internet que accedisquen a este lloc web poden visualitzar la informaci\u00f3 continguda en el mateix i efectuar desc\u00e0rregues o reproduccions privades en el seu sistema inform\u00e0tic; no obstant aix\u00f2, tal autoritzaci\u00f3 no arriba a la cessi\u00f3 posterior a tercers dels elements reprodu\u00efts ni la seua instal\u00b7laci\u00f3 en un servidor connectat a Internet o a una xarxa local. En queda absolutament prohibida la distribuci\u00f3, modificaci\u00f3, alteraci\u00f3, cessi\u00f3, comunicaci\u00f3 p\u00fablica i qualsevol altre acte que no siga expressament autoritzat per la Diputaci\u00f3 de Val\u00e8ncia.<\/p>\n\n\n\n<p>La Diputaci\u00f3 de Val\u00e8ncia no \u00e9s responsable del mal \u00fas que els usuaris realitzen dels continguts del seu lloc web i es reserva el dret d\u2019actualitzar, modificar, conservar, eliminar, o impedir l\u2019acc\u00e9s a qualsevol contingut que hi aparega o de tancar-lo sense av\u00eds previ.<\/p>\n\n\n\n<p>La Diputaci\u00f3 de Val\u00e8ncia no \u00e9s responsable dels continguts situats fora del seu web, en els llocs web de tercers, als quals es puga accedir per mitj\u00e0 d\u2019enlla\u00e7os situats en el lloc web de la Diputaci\u00f3. La Diputaci\u00f3 informa que tals enlla\u00e7os que apareixen en el seu web tan sols constitu\u00efxen una informaci\u00f3 a l\u2019usuari sobre l\u2019exist\u00e8ncia d\u2019altres fonts d\u2019informaci\u00f3 i servicis en Internet sobre les mat\u00e8ries a qu\u00e8 es referixen, on el visitant podr\u00e0, si de cas, ampliar o complementar les dades oferides en este web, advertint expressament que aix\u00f2 no suposa un suggeriment, invitaci\u00f3 o recomanaci\u00f3 per a la visita de tals llocs de dest\u00ed i, per tant, es declina tota la responsabilitat relativa al resultat obtingut a trav\u00e9s de tals enlla\u00e7os hipertextuals; en particular, el visitant declara con\u00e9ixer que la Diputaci\u00f3 no garantix de cap manera les condicions i\/o correcta prestaci\u00f3 dels servicis o la qualitat dels productes oferits a l\u2019usuari per tercers aliens a ella, als llocs web dels quals puga accedir-se per mitj\u00e0 d\u2019enlla\u00e7os establits en qualsevol de les p\u00e0gines de la Diputaci\u00f3, per la qual cosa esta no ser\u00e0 responsable en cap cas de la disponibilitat i dels continguts facilitats pels altres llocs web visitats a trav\u00e9s de tals enlla\u00e7os, com tampoc no ho ser\u00e0 de l\u2019eventual incompliment per part de tals tercers de la normativa vigent, i particularment d\u2019aquella que regula el comer\u00e7 electr\u00f2nic, la defensa i protecci\u00f3 de consumidors i usuaris i la relativa a protecci\u00f3 de dades de car\u00e0cter personal.<\/p>\n\n\n\n<p>En el cas de f\u00f2rums oberts o espais d\u2019opini\u00f3 en les seues p\u00e0gines web, la Diputaci\u00f3 de Val\u00e8ncia no s\u2019obliga a controlar les opinions o informacions abocades pels usuaris, per\u00f2 es reserva el dret a eliminar aquelles que puguen resultar contr\u00e0ries a la legalitat vigent, especialment quan impliquen una vulneraci\u00f3 dels drets i llibertats fonamentals, als bons usos i als presents termes i condicions.<\/p>\n\n\n\n<p>La Diputaci\u00f3 de Val\u00e8ncia no ser\u00e0 responsable de possibles danys o perju\u00eds que es pogueren derivar d\u2019interfer\u00e8ncies, omissions, interrupcions, avaries o desconnexions en el funcionament operatiu d\u2019este sistema electr\u00f2nic, motivades per causes alienes a la Diputaci\u00f3 de Val\u00e8ncia, o com a conseq\u00fc\u00e8ncia d\u2019ajustaments o problemes t\u00e8cnics propis; aix\u00ed com tampoc de danys que puguen ser causats per virus inform\u00e0tics i per terceres persones per mitj\u00e0 d\u2019intromissions il\u00b7leg\u00edtimes fora del control de la Diputaci\u00f3.<\/p>\n\n\n\n<p>La informaci\u00f3 administrativa publicada en este lloc web t\u00e9 car\u00e0cter merament orientatiu; per tant, ni substitu\u00efx la publicitat dels documents que hagen de publicar-se en Diaris i Butlletins Oficials, l\u2019edici\u00f3 de la qual \u00e9s l\u2019\u00fanic instrument que d\u00f3na fe de la seua autenticitat i del seu contingut, ni se\u2019n pot derivar cap efecte jur\u00eddic vinculant, devent l\u2019usuari contrastar l\u2019esmentada informaci\u00f3 amb l\u2019existent en els Diaris i Butlletins Oficials, si \u00e9s el cas, o amb la que consta en les depend\u00e8ncies pertinents de l\u2019Administraci\u00f3. En concret, esta informaci\u00f3 no podr\u00e0 ser vinculant en la resoluci\u00f3 de procediments administratius ni al\u00b7legar-se en processos contradictoris amb l\u2019Administraci\u00f3 P\u00fablica. En conseq\u00fc\u00e8ncia, la Diputaci\u00f3 de Val\u00e8ncia no es fa responsable dels possibles danys i perju\u00eds que l\u2019\u00fas de l\u2019esmentada informaci\u00f3 poguera ocasionar.<\/p>\n\n\n\n<p>Les directrius seguides per la Diputaci\u00f3 de Val\u00e8ncia en mat\u00e8ria de Protecci\u00f3 de Dades de Car\u00e0cter Personal s\u00f3n les exposades en l\u2019apartat&nbsp;<a href=\"https:\/\/www.dival.es\/va\/politica-de-privacitat\">Pol\u00edtica de privacitat<\/a>&nbsp;d\u2019este lloc web.<\/p>\n\n\n\n<p>La Diputaci\u00f3 de Val\u00e8ncia es reserva el dret de modificar els termes i condicions establits en el present Av\u00eds legal.&nbsp;<\/p>\n","protected":false},"excerpt":{"rendered":"<p>1. Titularitat del lloc web. Dival.es \u00e9s un domini en internet de titularitat de l\u2019Excma. Diputaci\u00f3 Provincial de Val\u00e8ncia, CIF &#8230;<\/p>\n","protected":false},"author":6,"featured_media":0,"parent":0,"menu_order":114,"comment_status":"closed","ping_status":"closed","template":"","meta":{"_acf_changed":false,"footnotes":""},"class_list":["post-26349","page","type-page","status-publish","hentry"],"acf":[],"_links":{"self":[{"href":"https:\/\/memoriahistorica.dival.es\/val\/wp-json\/wp\/v2\/pages\/26349","targetHints":{"allow":["GET"]}}],"collection":[{"href":"https:\/\/memoriahistorica.dival.es\/val\/wp-json\/wp\/v2\/pages"}],"about":[{"href":"https:\/\/memoriahistorica.dival.es\/val\/wp-json\/wp\/v2\/types\/page"}],"author":[{"embeddable":true,"href":"https:\/\/memoriahistorica.dival.es\/val\/wp-json\/wp\/v2\/users\/6"}],"replies":[{"embeddable":true,"href":"https:\/\/memoriahistorica.dival.es\/val\/wp-json\/wp\/v2\/comments?post=26349"}],"version-history":[{"count":1,"href":"https:\/\/memoriahistorica.dival.es\/val\/wp-json\/wp\/v2\/pages\/26349\/revisions"}],"predecessor-version":[{"id":26353,"href":"https:\/\/memoriahistorica.dival.es\/val\/wp-json\/wp\/v2\/pages\/26349\/revisions\/26353"}],"wp:attachment":[{"href":"https:\/\/memoriahistorica.dival.es\/val\/wp-json\/wp\/v2\/media?parent=26349"}],"curies":[{"name":"wp","href":"https:\/\/api.w.org\/{rel}","templated":true}]}}