{"id":26357,"date":"2025-08-08T13:40:05","date_gmt":"2025-08-08T11:40:05","guid":{"rendered":"https:\/\/memoriahistorica.dival.es\/politica-de-cookies\/"},"modified":"2025-11-03T18:25:27","modified_gmt":"2025-11-03T17:25:27","slug":"politica-de-cookies","status":"publish","type":"page","link":"https:\/\/memoriahistorica.dival.es\/val\/politica-de-cookies\/","title":{"rendered":"Pol\u00edtica de cookies"},"content":{"rendered":"\n<h3 class=\"wp-block-heading\">&nbsp; &nbsp; 1. Introducci\u00f3<\/h3>\n\n\n\n<p>La Diputaci\u00f3 de Val\u00e8ncia no utilitza cookies per a arreplegar informaci\u00f3 dels usuaris en el Portal d&#8217;Internet o lloc web&nbsp;<a href=\"https:\/\/dival.es\/\">www.dival.es<\/a>&nbsp;o, si \u00e9s el cas, en altres adreces electr\u00f2niques d&#8217;organismes vinculats a la Diputaci\u00f3. \u00danicament s&#8217;utilitzen cookies pr\u00f2pies i de tercers amb finalitat t\u00e8cnica per a permetre navegaci\u00f3 a trav\u00e9s del lloc web i la utilitzaci\u00f3 de les diferents opcions i servicis que en ella existixen.<\/p>\n\n\n\n<p>El conjunt de cookies pr\u00f2pies ens ajuda a millorar la qualitat del nostre lloc web, ja que permet controlar quines p\u00e0gines els semblen \u00fatils als nostres usuaris i quins no. El portal tamb\u00e9 cont\u00e9 enlla\u00e7os a llocs web de tercers, les pol\u00edtiques de privacitat dels quals o cookies s\u00f3n alienes a la de la Diputaci\u00f3. En accedir a tals llocs web vost\u00e9 pot decidir si accepta les seues pol\u00edtiques de privacitat i de cookies. Amb car\u00e0cter general, si navega per internet vost\u00e9 pot acceptar o rebutjar les cookies de tercers des de les opcions de configuraci\u00f3 del seu navegador.<\/p>\n\n\n\n<h3 class=\"wp-block-heading\">&nbsp; &nbsp;2. Qu\u00e8 s\u00f3n les cookies?<\/h3>\n\n\n\n<p>Les cookies i altres tecnologies similars (com ara, local shared objects, flaix cookies o p\u00edxels) s\u00f3n xicotets fitxers de text que els llocs web instal\u00b7len en l&#8217;ordinador o dispositiu m\u00f2bil de les persones usu\u00e0ries, amb la finalitat de registrar l&#8217;activitat de la seua navegaci\u00f3.<\/p>\n\n\n\n<h3 class=\"wp-block-heading\">&nbsp; &nbsp;3. Tipus de cookies<\/h3>\n\n\n\n<p>En funci\u00f3 dels seg\u00fcents criteris, podem distingir la seg\u00fcent tipologia de cookies, sense perju\u00ed d&#8217;altres categoritzacions o classificacions similars:<\/p>\n\n\n\n<p>Segons la propietat<\/p>\n\n\n\n<ul class=\"wp-block-list\">\n<li>Cookies pr\u00f2pies: s\u00f3n aquelles que s&#8217;envien a l&#8217;equip terminal de l&#8217;Usuari des d&#8217;un equip o domini gestionat pel propi editor i des del qual es presta el servici sol\u00b7licitat per l&#8217;Usuari.<\/li>\n\n\n\n<li>Cookies de tercers: s\u00f3n aquelles que s&#8217;envien a l&#8217;equip terminal de l&#8217;Usuari des d&#8217;un equip o domini que no \u00e9s gestionat per l&#8217;editor, sin\u00f3 per una altra entitat que tracta les dades obtingudes trav\u00e9s de les cookies.<\/li>\n<\/ul>\n\n\n\n<p>Segons la finalitat&nbsp;&nbsp;&nbsp;<\/p>\n\n\n\n<ul class=\"wp-block-list\">\n<li>Cookies t\u00e8cniques i funcionals (Necess\u00e0ries): s\u00f3n aquelles que permeten a l&#8217;Usuari d&#8217;una p\u00e0gina web, plataforma o aplicaci\u00f3 i la utilitzaci\u00f3 de les diferents opcions o servicis que en ella existisquen.<\/li>\n\n\n\n<li>Cookies anal\u00edtiques (Estad\u00edstiques): s\u00f3n aquelles que permeten al responsable de les mateixes el seguiment i an\u00e0lisi del comportament dels Usuaris dels llocs web als quals estan vinculades. La informaci\u00f3 arreplegada mitjan\u00e7ant esta mena de cookies s&#8217;utilitza en el mesurament de l&#8217;activitat dels llocs web, aplicaci\u00f3 o plataforma i per a l&#8217;elaboraci\u00f3 de perfils de navegaci\u00f3 dels usuaris d&#8217;estos llocs, aplicacions i plataformes, amb la finalitat d&#8217;introduir millores en funci\u00f3 de l&#8217;an\u00e0lisi de les dades d&#8217;\u00fas que fan els usuaris del servici.<\/li>\n\n\n\n<li>Cookies publicit\u00e0ries (M\u00e0rqueting): s\u00f3n aquelles que permeten la gesti\u00f3, de la forma m\u00e9s efica\u00e7 possible, dels espais publicitaris que, si \u00e9s el cas, l&#8217;editor haja incl\u00f2s en una p\u00e0gina web, aplicaci\u00f3 o plataforma des de la qual presta el servici sol\u00b7licitat sobre la base de criteris com el contingut editat o la freq\u00fc\u00e8ncia en la qual es mostren els anuncis.<\/li>\n\n\n\n<li>Cookies de publicitat comportamental: arrepleguen informaci\u00f3 sobre les prefer\u00e8ncies i eleccions personals de l&#8217;Usuari (retargeting) per a permetre la gesti\u00f3, de la forma m\u00e9s efica\u00e7 possible, dels espais publicitaris que, si \u00e9s el cas, l&#8217;editor haja incl\u00f2s en una p\u00e0gina web, aplicaci\u00f3 o plataforma des de la qual presta el servici sol\u00b7licitat.<\/li>\n\n\n\n<li>Cookies de xarxes socials: s\u00f3n establides per les plataformes de xarxes socials en els servicis per a permetre-li compartir contingut amb els seus amics i xarxes. Les plataformes de mitjans socials tenen la capacitat de rastrejar la seua activitat en l\u00ednia anara dels Servicis. Aix\u00f2 pot afectar el contingut i els missatges que veu en altres servicis que visita.<\/li>\n\n\n\n<li>Cookies d&#8217;afiliats: permeten fer un seguiment de les visites procedents d&#8217;altres webs, amb les quals el lloc web establix un contracte d&#8217;afiliaci\u00f3 (empreses d&#8217;afiliaci\u00f3).<\/li>\n\n\n\n<li>Cookies de seguretat: emmagatzemen informaci\u00f3 xifrada per a evitar que les dades guardades en elles siguen vulnerables a atacs maliciosos de tercers.<\/li>\n<\/ul>\n\n\n\n<p>Segons termini de conservaci\u00f3<\/p>\n\n\n\n<ul class=\"wp-block-list\">\n<li>Cookies de sessi\u00f3: s\u00f3n un tipus de cookies dissenyades per a recaptar i emmagatzemar dades mentres l&#8217;Usuari accedix a una p\u00e0gina web.<\/li>\n\n\n\n<li>Cookies persistents: s\u00f3n un tipus de cookies en el qual les dades seguixen emmagatzemats en el terminal i poden ser accedits i tractats durant un per\u00edode definit pel responsable de la cookie, i que pot anar d&#8217;uns minuts a diversos anys.<\/li>\n<\/ul>\n\n\n\n<h3 class=\"wp-block-heading\"><br>&nbsp; &nbsp;4. Quines cookies utilitzem en este Portal d&#8217;Internet?<\/h3>\n\n\n\n<p><br>D&#8217;acord amb la tipologia anterior, s&#8217;informa que en el lloc web&nbsp;<a href=\"https:\/\/dival.es\/\">www.dival.es<\/a>&nbsp;s&#8217;utilitzen les seg\u00fcents cookies:<\/p>\n\n\n\n<ul class=\"wp-block-list\">\n<li>Cookies t\u00e8cniques i funcionals (necess\u00e0ries)<\/li>\n<\/ul>\n\n\n\n<figure class=\"wp-block-table\"><table class=\"has-fixed-layout\"><tbody><tr><td>Propietat<\/td><td>Cookies<\/td><td>Finalitat<\/td><td>Termini<\/td><td>Descripci\u00f3<\/td><\/tr><tr><td>dival<\/td><td>cookiesjsr<\/td><td>T\u00e8cnica \/ necess\u00e0ria<\/td><td>1 any<\/td><td>Indica que s&#8217;ha acceptat l&#8217;\u00fas de cookies.<\/td><\/tr><tr><td>&nbsp;<\/td><td>&nbsp;<\/td><td>&nbsp;<\/td><td>&nbsp;<\/td><td>&nbsp;<\/td><\/tr><\/tbody><\/table><\/figure>\n\n\n\n<ul class=\"wp-block-list\">\n<li>Cookies de seguretat<\/li>\n<\/ul>\n\n\n\n<figure class=\"wp-block-table\"><table class=\"has-fixed-layout\"><tbody><tr><td>Propietat<\/td><td>Cookies<\/td><td>Finalitat<\/td><td>Termini<\/td><td>Descripci\u00f3<\/td><\/tr><tr><td>&nbsp;<\/td><td>&nbsp;<\/td><td>&nbsp;<\/td><td>&nbsp;<\/td><td>&nbsp;<\/td><\/tr><tr><td>&nbsp;<\/td><td>&nbsp;<\/td><td>&nbsp;<\/td><td>&nbsp;<\/td><td>&nbsp;<\/td><\/tr><\/tbody><\/table><\/figure>\n\n\n\n<ul class=\"wp-block-list\">\n<li>Cookies de xarxes socials<\/li>\n<\/ul>\n\n\n\n<p>Les xarxes socials amb les quals interactuem en el nostre lloc web utilitzen cookies en els seus botons per a compartir. Estes cookies no s\u00f3n pr\u00f2pies de la Diputaci\u00f3, sin\u00f3 que pertanyen, respectivament, a cada una de les xarxes socials amb les quals s&#8217;interactua. No tenim cap intervenci\u00f3, control o reporte de resultats, s\u00f3n responsabilitat de cada xarxa social. Quan la persona usu\u00e0ria es registra en un servici amb credencials d&#8217;una xarxa social, autoritza la xarxa social a guardar una cookie persistent que recorda la seua identitat i li garantix acc\u00e9s als servicis fins que expira.<\/p>\n\n\n\n<p>La persona usu\u00e0ria pot esborrar esta cookie i revocar l&#8217;acc\u00e9s als servicis mitjan\u00e7ant xarxes socials actualitzant les seues prefer\u00e8ncies en la xarxa social que espec\u00edfica.<\/p>\n\n\n\n<p>Pot obtindre m\u00e9s informaci\u00f3 en els seg\u00fcents enlla\u00e7os:<\/p>\n\n\n\n<p>&nbsp; &nbsp;\u2022&nbsp;<a href=\"https:\/\/facebook.com\/\">Facebook<\/a><\/p>\n\n\n\n<p>&nbsp; &nbsp;\u2022&nbsp;<a href=\"https:\/\/x.com\/\">X<\/a>&nbsp;(abans Twitter)<\/p>\n\n\n\n<p>&nbsp; &nbsp;\u2022&nbsp;<a href=\"https:\/\/youtube.com\/\">Youtube<\/a><\/p>\n\n\n\n<figure class=\"wp-block-table\"><table class=\"has-fixed-layout\"><tbody><tr><td>Propietat<\/td><td>Cookies<\/td><\/tr><tr><td>&nbsp;<\/td><td>&nbsp;<\/td><\/tr><tr><td>&nbsp;<\/td><td>&nbsp;<\/td><\/tr><\/tbody><\/table><\/figure>\n\n\n\n<ul class=\"wp-block-list\">\n<li>Cookies anal\u00edtiques (estad\u00edstiques)<\/li>\n<\/ul>\n\n\n\n<p>Per a l&#8217;an\u00e0lisi o funci\u00f3 estad\u00edstica de l&#8217;\u00fas del lloc web, en este cas, s&#8217;opta pel servici oferit per Google Analytics:&nbsp;<a href=\"https:\/\/www.google.com\/analytics\">www.google.com\/analytics<\/a>\/ i&nbsp;<a href=\"https:\/\/developers.google.com\/analytics\/devguides\/collection\/analyticsjs\/cookie-usage\">https:\/\/developers.google.com\/analytics\/devguides\/collection\/analyticsjs\/cookie-usage<\/a>&nbsp;de Google Inc, l&#8217;oficina principal del qual est\u00e0 en 1600 Amphitheatre Parkway, Mountain View (Calif\u00f2rnia), CA 94043, els Estats Units (\u201cGoogle\u201d).<\/p>\n\n\n\n<p>El servici \u201c<a href=\"https:\/\/www.google.com\/analytics\/\">Google Analytics<\/a>\u201d, sense identificaci\u00f3 dels Usuaris, arreplega diversa informaci\u00f3 relativa al nombre d&#8217;usuaris que accedixen a la web, el nombre de p\u00e0gines vistes, la freq\u00fc\u00e8ncia i repetici\u00f3 de les visites, la seua duraci\u00f3, el navegador utilitzat, l&#8217;operador que presta el servici, l&#8217;idioma, el terminal que utilitza, o la ciutat a la qual est\u00e0 assignada la seua adre\u00e7a IP. Informaci\u00f3 que possibilita un millor i m\u00e9s apropiat servici per part d&#8217;este Portal.<\/p>\n\n\n\n<p>Pot trobar m\u00e9s informaci\u00f3 al respecte i inhabilitar l&#8217;\u00fas d&#8217;estes cookies en la p\u00e0gina de descripci\u00f3 de Cookies de Google Analytics<\/p>\n\n\n\n<figure class=\"wp-block-table\"><table class=\"has-fixed-layout\"><tbody><tr><td>Propietat<\/td><td>Cookies<\/td><td>Finalitat<\/td><td>Termini<\/td><td>Descripci\u00f3<\/td><\/tr><tr><td>dival<\/td><td>_pk_id<\/td><td>Anal\u00edtica<\/td><td>13 mesos<\/td><td>Guarda un ID del visitant per a associar futures visites i analitzar el tr\u00e0nsit.<\/td><\/tr><tr><td>dival<\/td><td>_pk_ses<\/td><td>Anal\u00edtica<\/td><td>30 minuts<\/td><td>Guarda dades de la visita temporalment per a fins estad\u00edstics.<\/td><\/tr><\/tbody><\/table><\/figure>\n\n\n\n<p><strong>Nota important.&nbsp;<\/strong>&#8211;<strong>&nbsp;<\/strong>A l&#8217;efecte de completar les anteriors taules, a continuaci\u00f3, s&#8217;indica la informaci\u00f3 relativa a cada camp:<\/p>\n\n\n\n<ul class=\"wp-block-list\">\n<li>\u201cPropietat\u201d: S&#8217;ha d&#8217;indicar si les cookies utilitzades s\u00f3n \u201cpr\u00f2pies\u201d (aquelles de les quals \u00e9s responsable el propi editor i que, generalment, s&#8217;envien a l&#8217;equip terminal de l&#8217;usuari des d&#8217;un equip o domini gestionat pel propi editor) o \u201cde tercers\u201d (aquelles de les quals \u00e9s responsable una entitat distinta de l&#8217;editor i que, generalment, s&#8217;envien a l&#8217;equip terminal de l&#8217;usuari des d&#8217;un equip o domini que no \u00e9s gestionat per l&#8217;editor, sin\u00f3 per una altra entitat que tracta les dades obtingudes a trav\u00e9s de les cookies). En cas que l&#8217;editor siga un tercer, s&#8217;ha de fer constar tamb\u00e9 el nom de l&#8217;editor, sent suficient amb identificar-li pel seu nom o per la marca amb la qual s&#8217;identifica de cara al p\u00fablic, sense incloure la denominaci\u00f3 social completa, per exemple: Google, YouTube, etc.\u00a0<\/li>\n\n\n\n<li>\u00a0\u201cCookies\u201d: S&#8217;ha d&#8217;indicar el nom de l&#8217;arxiu de text instal\u00b7lat. A tall d&#8217;exemple, els noms d&#8217;algunes de les cookies de tercers m\u00e9s habituals: CookieConsent, _ga, _gat, collect, etc.\u00a0<\/li>\n\n\n\n<li>\u201cFinalitat\u201d: S&#8217;ha d&#8217;identificar la finalitat de cada cookie (t\u00e8cnica o funcional, anal\u00edtica, publicit\u00e0ria, etc.), tractant de concretar la seua funci\u00f3 (per exemple: recopilar dades sobre el nombre de vegades que un usuari ha visitat el lloc web, rastrejar la interacci\u00f3 de l&#8217;usuari amb determinat contingut, registrar les prefer\u00e8ncies del reproductor de v\u00eddeo en veure v\u00eddeos incrustats, etc.).<\/li>\n<\/ul>\n\n\n\n<ul class=\"wp-block-list\">\n<li>\u00a0\u201cTermini\u201d: En este apartat, s&#8217;ha d&#8217;indicar el termini de temps que romandran activades les cookies en l&#8217;equip terminal, podent ser cookies \u201cde sessi\u00f3\u201d (aquelles que \u00fanicament emmagatzemen dades mentres l&#8217;usuari accedix en la p\u00e0gina web i desapareixen en acabar<\/li>\n<\/ul>\n\n\n\n<h3 class=\"wp-block-heading\">&nbsp; &nbsp;5. Com gestionar les cookies des del navegador?<\/h3>\n\n\n\n<p>El registre de les cookies podr\u00e0 estar subjecte a la teua acceptaci\u00f3 durant la instal\u00b7laci\u00f3 o posada al dia del navegador, i esta acceptaci\u00f3 podr\u00e0 ser revocada en qualsevol moment mitjan\u00e7ant les opcions de configuraci\u00f3 de continguts i privacitat disponibles.<\/p>\n\n\n\n<p>Molts navegadors permeten activar una opci\u00f3 de navegaci\u00f3 privada mitjan\u00e7ant la qual les cookies s&#8217;esborren sempre despr\u00e9s de la teua visita. Depenent de cada navegador, esta navegaci\u00f3 privada pot presentar diversos noms.<\/p>\n\n\n\n<p>Les cookies que ja estan en un dispositiu es poden eliminar esborrant l&#8217;historial del navegador, amb el que se suprimixen les cookies de tots els llocs web visitats. No obstant aix\u00f2, tamb\u00e9 es pot perdre part de la informaci\u00f3 guardada (per exemple, les dades d&#8217;inici de sessi\u00f3 o les prefer\u00e8ncies de lloc web).<\/p>\n\n\n\n<p>A continuaci\u00f3, es mostra una llista dels navegadors m\u00e9s comuns i enlla\u00e7 a la informaci\u00f3 relativa a l&#8217;activaci\u00f3 o desactivaci\u00f3 de cookies en la navegaci\u00f3:<\/p>\n\n\n\n<figure class=\"wp-block-table\"><table class=\"has-fixed-layout\"><tbody><tr><td>Chrome<\/td><td><a href=\"http:\/\/support.google.com\/chrome\/answer\/95647?hl=es\">http:\/\/support.google.com\/chrome\/answer\/95647?hl=es<\/a><\/td><\/tr><tr><td>Internet Explorer. Versi\u00f3n 11<br>&nbsp;<\/td><td><a href=\"https:\/\/support.microsoft.com\/es-es\/help\/278835\/how-%20%20%20to-delete-cookie-files-in-internet-explorer\">https:\/\/support.microsoft.com\/es-es\/help\/278835\/how- &nbsp; to-delete-cookie-files-in-internet-explorer<\/a><\/td><\/tr><tr><td>Firefox. Versi\u00f3n 65.0.1<\/td><td><a href=\"https:\/\/www.mozilla.org\/es-%20ES\/privacy\/websites\/#cookies\">https:\/\/www.mozilla.org\/es- ES\/privacy\/websites\/#cookies<\/a><\/td><\/tr><tr><td>Safari Versi\u00f3n 5.1<\/td><td><a href=\"https:\/\/support.apple.com\/es-%20es\/guide\/safari\/sfri11471\/mac\">https:\/\/support.apple.com\/es- es\/guide\/safari\/sfri11471\/mac<\/a><\/td><\/tr><tr><td>Opera<\/td><td><a href=\"https:\/\/help.opera.com\/en\/latest\/security-and-%20privacy\/#clearBrowsingData\">https:\/\/help.opera.com\/en\/latest\/security-and- privacy\/#clearBrowsingData<\/a><\/td><\/tr><\/tbody><\/table><\/figure>\n\n\n\n<p>A m\u00e9s, t\u00e9 la possibilitat de bloquejar les cookies anal\u00edtiques en el navegador utilitzant este complement facilitat per la mateixa Google Analytics.<\/p>\n","protected":false},"excerpt":{"rendered":"<p>&nbsp; &nbsp; 1. Introducci\u00f3 La Diputaci\u00f3 de Val\u00e8ncia no utilitza cookies per a arreplegar informaci\u00f3 dels usuaris en el Portal &#8230;<\/p>\n","protected":false},"author":6,"featured_media":0,"parent":0,"menu_order":115,"comment_status":"closed","ping_status":"closed","template":"","meta":{"_acf_changed":false,"footnotes":""},"class_list":["post-26357","page","type-page","status-publish","hentry"],"acf":[],"_links":{"self":[{"href":"https:\/\/memoriahistorica.dival.es\/val\/wp-json\/wp\/v2\/pages\/26357","targetHints":{"allow":["GET"]}}],"collection":[{"href":"https:\/\/memoriahistorica.dival.es\/val\/wp-json\/wp\/v2\/pages"}],"about":[{"href":"https:\/\/memoriahistorica.dival.es\/val\/wp-json\/wp\/v2\/types\/page"}],"author":[{"embeddable":true,"href":"https:\/\/memoriahistorica.dival.es\/val\/wp-json\/wp\/v2\/users\/6"}],"replies":[{"embeddable":true,"href":"https:\/\/memoriahistorica.dival.es\/val\/wp-json\/wp\/v2\/comments?post=26357"}],"version-history":[{"count":1,"href":"https:\/\/memoriahistorica.dival.es\/val\/wp-json\/wp\/v2\/pages\/26357\/revisions"}],"predecessor-version":[{"id":26358,"href":"https:\/\/memoriahistorica.dival.es\/val\/wp-json\/wp\/v2\/pages\/26357\/revisions\/26358"}],"wp:attachment":[{"href":"https:\/\/memoriahistorica.dival.es\/val\/wp-json\/wp\/v2\/media?parent=26357"}],"curies":[{"name":"wp","href":"https:\/\/api.w.org\/{rel}","templated":true}]}}