{"id":27637,"date":"2026-01-08T17:47:20","date_gmt":"2026-01-08T16:47:20","guid":{"rendered":"https:\/\/memoriahistorica.dival.es\/programes\/memoria-escola\/laboratorios-de-democracia\/"},"modified":"2026-04-07T14:17:15","modified_gmt":"2026-04-07T12:17:15","slug":"laboratorios-de-democracia","status":"publish","type":"page","link":"https:\/\/memoriahistorica.dival.es\/val\/programes\/memoria-escola\/laboratorios-de-democracia\/","title":{"rendered":"Laboratorios de Democracia"},"content":{"rendered":"\n<p><\/p>\n\n\n\n<p><strong><em>Laboratorios de democracia<\/em><\/strong> \u00e9s un projecte de la Fundaci\u00f3 Internacional Baltasar Garz\u00f3n (FIBGAR), finan\u00e7at per la Delegaci\u00f3 de Mem\u00f2ria Hist\u00f2rica de la Diputaci\u00f3 de Val\u00e8ncia, pel qual es pret\u00e9n enfortir l&#8217;ensenyan\u00e7a-aprenentatge de la mem\u00f2ria democr\u00e0tica europea i establir les bases per a una cultura de pau que empodere als i les j\u00f3vens com a agents de canvi en les seues comunitats.<\/p>\n\n\n\n<p>M\u00e9s espec\u00edficament, pret\u00e9n dissenyar i elaborar ferramentes educatives en mem\u00f2ria democr\u00e0tica, alfabetitzaci\u00f3 medi\u00e0tica i drets humans; i promoure debats i aprenentatges cooperatius en diferents centres educatius de Val\u00e8ncia.<\/p>\n\n\n\n<p>A trav\u00e9s de l&#8217;elaboraci\u00f3 de deu unitats educatives, cada una formada per una unitat did\u00e0ctica, una guia docent, i una v\u00eddeo-p\u00edndola, i la realitzaci\u00f3 de tallers participatius en diferents centres educatius de la prov\u00edncia de Val\u00e8ncia, FIBGAR pret\u00e9n fomentar el pensament cr\u00edtic, el debat constructiu i la capacitat d&#8217;actuar dels i les j\u00f3vens com a agents de canvi.<\/p>\n\n\n\n<p>En els seg\u00fcents enlla\u00e7os pots consultar les <strong>guies docents<\/strong> i <strong>unitats did\u00e0ctiques<\/strong>:<\/p>\n\n\n\n<p><\/p>\n\n\n\n<figure class=\"wp-block-gallery has-nested-images columns-default is-cropped wp-block-gallery-1 is-layout-flex wp-block-gallery-is-layout-flex\">\n<figure class=\"wp-block-image size-large is-resized\"><a href=\"https:\/\/memoriahistorica.dival.es\/wp-content\/uploads\/GUIAS-DOCENTES-e.pdf\"><img loading=\"lazy\" decoding=\"async\" width=\"1273\" height=\"1800\" data-id=\"28154\" src=\"https:\/\/memoriahistorica.dival.es\/wp-content\/uploads\/GUIAS_-DOCENTES_e-1273x1800.jpg\" alt=\"\" class=\"wp-image-28154\" style=\"width:257px;height:auto\" srcset=\"https:\/\/memoriahistorica.dival.es\/wp-content\/uploads\/GUIAS_-DOCENTES_e-1273x1800.jpg 1273w, https:\/\/memoriahistorica.dival.es\/wp-content\/uploads\/GUIAS_-DOCENTES_e-849x1200.jpg 849w, https:\/\/memoriahistorica.dival.es\/wp-content\/uploads\/GUIAS_-DOCENTES_e-424x600.jpg 424w, https:\/\/memoriahistorica.dival.es\/wp-content\/uploads\/GUIAS_-DOCENTES_e-768x1086.jpg 768w, https:\/\/memoriahistorica.dival.es\/wp-content\/uploads\/GUIAS_-DOCENTES_e-1086x1536.jpg 1086w, https:\/\/memoriahistorica.dival.es\/wp-content\/uploads\/GUIAS_-DOCENTES_e-1448x2048.jpg 1448w, https:\/\/memoriahistorica.dival.es\/wp-content\/uploads\/GUIAS_-DOCENTES_e.jpg 1654w\" sizes=\"auto, (max-width: 1273px) 100vw, 1273px\" \/><\/a><\/figure>\n\n\n\n<figure class=\"wp-block-image size-large is-resized\"><a href=\"https:\/\/memoriahistorica.dival.es\/wp-content\/uploads\/UNIDADES-DIDACTICAS-e.pdf\"><img loading=\"lazy\" decoding=\"async\" width=\"1273\" height=\"1800\" data-id=\"28152\" src=\"https:\/\/memoriahistorica.dival.es\/wp-content\/uploads\/UNIDADES_DIDACTICAS_-e-1273x1800.jpg\" alt=\"\" class=\"wp-image-28152\" style=\"width:257px;height:auto\" srcset=\"https:\/\/memoriahistorica.dival.es\/wp-content\/uploads\/UNIDADES_DIDACTICAS_-e-1273x1800.jpg 1273w, https:\/\/memoriahistorica.dival.es\/wp-content\/uploads\/UNIDADES_DIDACTICAS_-e-849x1200.jpg 849w, https:\/\/memoriahistorica.dival.es\/wp-content\/uploads\/UNIDADES_DIDACTICAS_-e-424x600.jpg 424w, https:\/\/memoriahistorica.dival.es\/wp-content\/uploads\/UNIDADES_DIDACTICAS_-e-768x1086.jpg 768w, https:\/\/memoriahistorica.dival.es\/wp-content\/uploads\/UNIDADES_DIDACTICAS_-e-1086x1536.jpg 1086w, https:\/\/memoriahistorica.dival.es\/wp-content\/uploads\/UNIDADES_DIDACTICAS_-e-1448x2048.jpg 1448w, https:\/\/memoriahistorica.dival.es\/wp-content\/uploads\/UNIDADES_DIDACTICAS_-e.jpg 1654w\" sizes=\"auto, (max-width: 1273px) 100vw, 1273px\" \/><\/a><\/figure>\n<\/figure>\n","protected":false},"excerpt":{"rendered":"<p>Laboratorios de democracia \u00e9s un projecte de la Fundaci\u00f3 Internacional Baltasar Garz\u00f3n (FIBGAR), finan\u00e7at per la Delegaci\u00f3 de Mem\u00f2ria Hist\u00f2rica &#8230;<\/p>\n","protected":false},"author":2,"featured_media":27571,"parent":18886,"menu_order":42,"comment_status":"closed","ping_status":"closed","template":"template-page-laboratorio-democratico.php","meta":{"_acf_changed":false,"footnotes":""},"class_list":["post-27637","page","type-page","status-publish","has-post-thumbnail","hentry"],"acf":[],"_links":{"self":[{"href":"https:\/\/memoriahistorica.dival.es\/val\/wp-json\/wp\/v2\/pages\/27637","targetHints":{"allow":["GET"]}}],"collection":[{"href":"https:\/\/memoriahistorica.dival.es\/val\/wp-json\/wp\/v2\/pages"}],"about":[{"href":"https:\/\/memoriahistorica.dival.es\/val\/wp-json\/wp\/v2\/types\/page"}],"author":[{"embeddable":true,"href":"https:\/\/memoriahistorica.dival.es\/val\/wp-json\/wp\/v2\/users\/2"}],"replies":[{"embeddable":true,"href":"https:\/\/memoriahistorica.dival.es\/val\/wp-json\/wp\/v2\/comments?post=27637"}],"version-history":[{"count":8,"href":"https:\/\/memoriahistorica.dival.es\/val\/wp-json\/wp\/v2\/pages\/27637\/revisions"}],"predecessor-version":[{"id":28171,"href":"https:\/\/memoriahistorica.dival.es\/val\/wp-json\/wp\/v2\/pages\/27637\/revisions\/28171"}],"up":[{"embeddable":true,"href":"https:\/\/memoriahistorica.dival.es\/val\/wp-json\/wp\/v2\/pages\/18886"}],"wp:featuredmedia":[{"embeddable":true,"href":"https:\/\/memoriahistorica.dival.es\/val\/wp-json\/wp\/v2\/media\/27571"}],"wp:attachment":[{"href":"https:\/\/memoriahistorica.dival.es\/val\/wp-json\/wp\/v2\/media?parent=27637"}],"curies":[{"name":"wp","href":"https:\/\/api.w.org\/{rel}","templated":true}]}}